{"id":3762,"date":"2025-03-08T20:09:59","date_gmt":"2025-03-08T18:09:59","guid":{"rendered":"https:\/\/stayyoung.shop\/toode\/ekologiska-zalia-smulkinta-kakava-300g-500g\/"},"modified":"2025-04-20T10:02:43","modified_gmt":"2025-04-20T07:02:43","slug":"ekologiska-zalia-smulkinta-kakava-300g-500g","status":"publish","type":"product","link":"http:\/\/stayyoungpuhaskoopia.bestweb.agency\/lt\/toode\/ekologiska-zalia-smulkinta-kakava-300g-500g\/","title":{"rendered":"Ekologi\u0161ka \u017ealia smulkinta kakava 300g-500g"},"content":{"rendered":"\t\t<div data-elementor-type=\"wp-post\" data-elementor-id=\"3762\" class=\"elementor elementor-3762 elementor-1110\" data-elementor-post-type=\"product\">\n\t\t\t\t<div class=\"wd-negative-gap elementor-element elementor-element-a7f8e2e e-flex e-con-boxed e-con e-parent\" data-id=\"a7f8e2e\" data-element_type=\"container\" data-e-type=\"container\">\n\t\t\t\t\t<div class=\"e-con-inner\">\n\t\t\t\t<div class=\"elementor-element elementor-element-d170833 elementor-widget elementor-widget-wd_text_block\" data-id=\"d170833\" data-element_type=\"widget\" data-e-type=\"widget\" data-widget_type=\"wd_text_block.default\">\n\t\t\t\t<div class=\"elementor-widget-container\">\n\t\t\t\t\t\t\t<div class=\"wd-text-block reset-last-child text-left\">\n\t\t\t\n\t\t\t<h3 class=\"\" data-start=\"506\" data-end=\"567\"><strong data-start=\"513\" data-end=\"565\">Susmulkintos kakavos pupel\u0117s - gryniausias nat\u016bralus \u0161okoladas<\/strong><\/h3><p class=\"\" data-start=\"568\" data-end=\"1155\">Kakavos rie\u0161utai (dar vadinami kakavos gr\u016bdeliais) gaunami susmulkinus ir i\u0161luk\u0161tenus sveikas kakavos pupeles. Tai gryniausia ir neperdirbta kakavos \u017ealiava, kurioje gausu nat\u016brali\u0173 antioksidant\u0173, magnio, gele\u017eies ir nauding\u0173j\u0173 riebal\u0173 r\u016bg\u0161\u010di\u0173. Kakavos rie\u0161utai puikiai tinka ant rytin\u0117s ko\u0161\u0117s, musli, kokteili\u0173, jogurto ar pyragai\u010di\u0173. I\u0161 j\u0173 taip pat galima pasigaminti \u017ealio \u0161okolado arba tiesiog u\u017ekand\u017eiauti. Stiprus tamsaus \u0161okolado skonis sveikai patenkina saldumyn\u0173 poreik\u012f ir suteikia organizmui gyvybingumo. \u012etraukite nedidel\u0119 \u0161okolado supermaisto doz\u0119 \u012f savo kasdien\u0119 mityb\u0105!     <\/p><h3 class=\"\" data-start=\"1162\" data-end=\"1201\"><strong data-start=\"1168\" data-end=\"1201\">Kakavos pupeli\u0173 nauda:<\/strong><\/h3><ul data-start=\"1203\" data-end=\"1929\"><li class=\"\" data-start=\"1203\" data-end=\"1271\"><p class=\"\" data-start=\"1205\" data-end=\"1271\"><strong data-start=\"1205\" data-end=\"1239\">Neperdirbtas nat\u016bralus supermaistas<\/strong> - gryna \u0161okolado \u017ealiava<\/p><\/li><li class=\"\" data-start=\"1272\" data-end=\"1347\"><p class=\"\" data-start=\"1274\" data-end=\"1347\"><strong data-start=\"1274\" data-end=\"1307\">Daug antioksidant\u0173<\/strong> - apsaugo l\u0105steles ir ma\u017eina u\u017edegim\u0105.<\/p><\/li><li class=\"\" data-start=\"1348\" data-end=\"1424\"><p class=\"\" data-start=\"1350\" data-end=\"1424\"><strong data-start=\"1350\" data-end=\"1383\">Sud\u0117tyje yra magnio ir gele\u017eies<\/strong> - palaiko nerv\u0173 sistemos ir kraujo sveikat\u0105<\/p><\/li><li class=\"\" data-start=\"1425\" data-end=\"1495\"><p class=\"\" data-start=\"1427\" data-end=\"1495\"><strong data-start=\"1427\" data-end=\"1449\">Geras energijos \u0161altinis<\/strong> - nat\u016bralus stimuliatorius be prid\u0117tinio cukraus<\/p><\/li><li class=\"\" data-start=\"1496\" data-end=\"1579\"><p class=\"\" data-start=\"1498\" data-end=\"1579\"><strong data-start=\"1498\" data-end=\"1533\">Nuotaik\u0105 ir koncentracij\u0105 palaikanti<\/strong> med\u017eiaga - sud\u0117tyje yra fenetilamino ir teobromino<\/p><\/li><li class=\"\" data-start=\"1580\" data-end=\"1651\"><p class=\"\" data-start=\"1582\" data-end=\"1651\"><strong data-start=\"1582\" data-end=\"1619\">tra\u0161ki tekst\u016bra ir stiprus skonis<\/strong> - tinka daugeliui patiekal\u0173<\/p><\/li><li class=\"\" data-start=\"1652\" data-end=\"1718\"><p class=\"\" data-start=\"1654\" data-end=\"1718\"><strong data-start=\"1654\" data-end=\"1683\">Padeda suma\u017einti potrauk\u012f saldumynams<\/strong> - tamsus skonis patenkina potrauk\u012f<\/p><\/li><li class=\"\" data-start=\"1719\" data-end=\"1798\"><p class=\"\" data-start=\"1721\" data-end=\"1798\"><strong data-start=\"1721\" data-end=\"1759\">Tinka neapdorotam \u0161okoladui gaminti<\/strong> - b\u016btinas ingredientas \u0161okolado m\u0117g\u0117jams<\/p><\/li><li class=\"\" data-start=\"1799\" data-end=\"1850\"><p class=\"\" data-start=\"1801\" data-end=\"1850\"><strong data-start=\"1801\" data-end=\"1827\">Jokio papildomo apdorojimo<\/strong> - paruo\u0161tas naudoti - <strong data-start=\"1801\" data-end=\"1827\">papildomo apdorojimo<\/strong> nereikia<\/p><\/li><li class=\"\" data-start=\"1851\" data-end=\"1929\"><p class=\"\" data-start=\"1853\" data-end=\"1929\"><strong data-start=\"1853\" data-end=\"1876\">Universalus naudojimas<\/strong> - ko\u0161\u0117s, kokteiliai, jogurtai, pyragai\u010diai, u\u017ekand\u017eiai<\/p><\/li><\/ul>\n\t\t\t\t\t<\/div>\n\t\t\t\t\t\t<\/div>\n\t\t\t\t<\/div>\n\t\t\t\t\t<\/div>\n\t\t\t\t<\/div>\n\t\t\t\t<\/div>\n\t\t","protected":false},"excerpt":{"rendered":"<p><strong>Susmulkintos kakavos pupel\u0117s &#8211; grynas ir tra\u0161kus \u0161okolado pagrindas<\/strong><\/p>\n<p>Kakavos rie\u0161utai &#8211; tai susmulkintos ir i\u0161luk\u0161tentos \u017ealios kakavos pupel\u0117s &#8211; nat\u016bralus tra\u0161kus supermaistas, kuriame gausu antioksidant\u0173, magnio ir gele\u017eies jungini\u0173. Jie puikiai tinka \u012f musli, ko\u0161\u0119, jogurt\u0105 arba \u017eali\u0105 \u0161okolad\u0105. Autenti\u0161kas tamsus skonis, \u017eadinantis poj\u016b\u010dius ir palaikantis organizm\u0105!  <\/p>\n","protected":false},"featured_media":3765,"comment_status":"open","ping_status":"closed","template":"","meta":[],"product_brand":[51],"product_cat":[132,182],"product_tag":[],"class_list":{"0":"post-3762","1":"product","2":"type-product","3":"status-publish","4":"has-post-thumbnail","6":"product_brand-caudalie","7":"product_cat-nuolaida","8":"product_cat-supermaistas","10":"first","11":"instock","12":"sale","13":"taxable","14":"shipping-taxable","15":"purchasable","16":"product-type-variable"},"_links":{"self":[{"href":"http:\/\/stayyoungpuhaskoopia.bestweb.agency\/lt\/wp-json\/wp\/v2\/product\/3762","targetHints":{"allow":["GET"]}}],"collection":[{"href":"http:\/\/stayyoungpuhaskoopia.bestweb.agency\/lt\/wp-json\/wp\/v2\/product"}],"about":[{"href":"http:\/\/stayyoungpuhaskoopia.bestweb.agency\/lt\/wp-json\/wp\/v2\/types\/product"}],"replies":[{"embeddable":true,"href":"http:\/\/stayyoungpuhaskoopia.bestweb.agency\/lt\/wp-json\/wp\/v2\/comments?post=3762"}],"version-history":[{"count":1,"href":"http:\/\/stayyoungpuhaskoopia.bestweb.agency\/lt\/wp-json\/wp\/v2\/product\/3762\/revisions"}],"predecessor-version":[{"id":3766,"href":"http:\/\/stayyoungpuhaskoopia.bestweb.agency\/lt\/wp-json\/wp\/v2\/product\/3762\/revisions\/3766"}],"wp:featuredmedia":[{"embeddable":true,"href":"http:\/\/stayyoungpuhaskoopia.bestweb.agency\/lt\/wp-json\/wp\/v2\/media\/3765"}],"wp:attachment":[{"href":"http:\/\/stayyoungpuhaskoopia.bestweb.agency\/lt\/wp-json\/wp\/v2\/media?parent=3762"}],"wp:term":[{"taxonomy":"product_brand","embeddable":true,"href":"http:\/\/stayyoungpuhaskoopia.bestweb.agency\/lt\/wp-json\/wp\/v2\/product_brand?post=3762"},{"taxonomy":"product_cat","embeddable":true,"href":"http:\/\/stayyoungpuhaskoopia.bestweb.agency\/lt\/wp-json\/wp\/v2\/product_cat?post=3762"},{"taxonomy":"product_tag","embeddable":true,"href":"http:\/\/stayyoungpuhaskoopia.bestweb.agency\/lt\/wp-json\/wp\/v2\/product_tag?post=3762"}],"curies":[{"name":"wp","href":"https:\/\/api.w.org\/{rel}","templated":true}]}}