{"id":3745,"date":"2025-03-08T20:15:30","date_gmt":"2025-03-08T18:15:30","guid":{"rendered":"https:\/\/stayyoung.shop\/toode\/ekologiskas-neapdorotas-kakavos-sviestas-300g-500g\/"},"modified":"2025-06-09T13:28:55","modified_gmt":"2025-06-09T10:28:55","slug":"ekologiskas-neapdorotas-kakavos-sviestas-300g-500g","status":"publish","type":"product","link":"http:\/\/stayyoungpuhaskoopia.bestweb.agency\/lt\/toode\/ekologiskas-neapdorotas-kakavos-sviestas-300g-500g\/","title":{"rendered":"Ekologi\u0161kas neapdorotas kakavos sviestas 300g-500g"},"content":{"rendered":"\t\t<div data-elementor-type=\"wp-post\" data-elementor-id=\"3745\" class=\"elementor elementor-3745 elementor-1115\" data-elementor-post-type=\"product\">\n\t\t\t\t<div class=\"wd-negative-gap elementor-element elementor-element-a7f8e2e e-flex e-con-boxed e-con e-parent\" data-id=\"a7f8e2e\" data-element_type=\"container\" data-e-type=\"container\">\n\t\t\t\t\t<div class=\"e-con-inner\">\n\t\t\t\t<div class=\"elementor-element elementor-element-d170833 elementor-widget elementor-widget-wd_text_block\" data-id=\"d170833\" data-element_type=\"widget\" data-e-type=\"widget\" data-widget_type=\"wd_text_block.default\">\n\t\t\t\t<div class=\"elementor-widget-container\">\n\t\t\t\t\t\t\t<div class=\"wd-text-block reset-last-child text-left\">\n\t\t\t\n\t\t\t<h3 class=\"\" data-start=\"514\" data-end=\"567\"><strong data-start=\"521\" data-end=\"565\">Kakavos sviestas - gryna galia odai ir skoniui<\/strong><\/h3><p class=\"\" data-start=\"568\" data-end=\"1184\">Kakavos sviestas yra maisting\u0173j\u0173 med\u017eiag\u0173 turtingi riebalai, gaunami \u0161altuoju b\u016bdu spaud\u017eiant visas kakavos pupeles, i\u0161saugant nat\u016bralius vitaminus, antioksidantus ir riebal\u0173 r\u016bg\u0161tis. D\u0117l \u0161ilkin\u0117s tekst\u016bros ir saldaus aromato kakavos sviestas puikiai tinka ir maistui, ir k\u016bno prie\u017ei\u016brai. Kakavos sviestas, kuriame gausu vitamino E, padeda dr\u0117kinti od\u0105, mal\u0161ina sausum\u0105 ir palaiko kolageno gamyb\u0105. Apsaugo ir atkuria od\u0105, taip pat tinka n\u0117\u0161tumo rand\u0173 profilaktikai. Suteikia kremin\u0119 tekst\u016br\u0105 ir yra idealus \u017ealiavinio \u0161okolado ingredientas. Kakavos sviestas tirpsta k\u016bno temperat\u016broje, lengvai \u012fsigeria ir suteikia odai \u0161velnumo bei spindesio.     <\/p><h3 class=\"\" data-start=\"1191\" data-end=\"1227\"><strong data-start=\"1197\" data-end=\"1227\">Kakavos sviesto nauda:<\/strong><\/h3><ul data-start=\"1229\" data-end=\"1960\"><li class=\"\" data-start=\"1229\" data-end=\"1283\"><p class=\"\" data-start=\"1231\" data-end=\"1283\"><strong data-start=\"1231\" data-end=\"1281\">\u0160alto spaudimo - i\u0161saugomos nat\u016bralios maistin\u0117s med\u017eiagos<\/strong><\/p><\/li><li class=\"\" data-start=\"1284\" data-end=\"1362\"><p class=\"\" data-start=\"1286\" data-end=\"1362\"><strong data-start=\"1286\" data-end=\"1334\">Turtingas vitaminu E ir antioksidantais<\/strong> - maitina ir saugo od\u0105.<\/p><\/li><li class=\"\" data-start=\"1363\" data-end=\"1436\"><p class=\"\" data-start=\"1365\" data-end=\"1436\"><strong data-start=\"1365\" data-end=\"1394\">Dr\u0117kina ir atkuria od\u0105<\/strong> - idealiai tinka sausai ir jautriai odai.<\/p><\/li><li class=\"\" data-start=\"1437\" data-end=\"1514\"><p class=\"\" data-start=\"1439\" data-end=\"1514\"><strong data-start=\"1439\" data-end=\"1469\">Palaiko kolageno gamyb\u0105<\/strong> - padeda ma\u017einti rauk\u0161les ir sen\u0117jimo po\u017eymius.<\/p><\/li><li class=\"\" data-start=\"1515\" data-end=\"1590\"><p class=\"\" data-start=\"1517\" data-end=\"1590\"><strong data-start=\"1517\" data-end=\"1553\">Apsaugo nuo strij\u0173 ir jas ma\u017eina<\/strong> - tinka naudoti n\u0117\u0161tumo metu<\/p><\/li><li class=\"\" data-start=\"1591\" data-end=\"1652\"><p class=\"\" data-start=\"1593\" data-end=\"1652\"><strong data-start=\"1593\" data-end=\"1626\">Sudaro apsaugin\u012f odos sluoksn\u012f<\/strong> - mink\u0161tina ir ramina.<\/p><\/li><li class=\"\" data-start=\"1653\" data-end=\"1728\"><p class=\"\" data-start=\"1655\" data-end=\"1728\"><strong data-start=\"1655\" data-end=\"1690\">Tinka maistui ir k\u016bno prie\u017ei\u016brai<\/strong> - idealus \u017ealiojo \u0161okolado ingredientas<\/p><\/li><li class=\"\" data-start=\"1729\" data-end=\"1808\"><p class=\"\" data-start=\"1731\" data-end=\"1808\"><strong data-start=\"1731\" data-end=\"1758\">Tirpsta k\u016bno temperat\u016broje<\/strong> - greitai \u012fsigeria be liku\u010di\u0173 ir riebal\u0173<\/p><\/li><li class=\"\" data-start=\"1809\" data-end=\"1869\"><p class=\"\" data-start=\"1811\" data-end=\"1869\"><strong data-start=\"1811\" data-end=\"1838\">Nat\u016bralus ir be chemini\u0173 med\u017eiag\u0173<\/strong> - tinka ir jautriai odai<\/p><\/li><li class=\"\" data-start=\"1870\" data-end=\"1960\"><p class=\"\" data-start=\"1872\" data-end=\"1960\"><strong data-start=\"1872\" data-end=\"1895\">Daugiafunkcinis<\/strong> - tinka naudoti kaip l\u016bp\u0173 balzam\u0105, k\u016bno krem\u0105 ar maisto papild\u0105<\/p><\/li><\/ul>\n\t\t\t\t\t<\/div>\n\t\t\t\t\t\t<\/div>\n\t\t\t\t<\/div>\n\t\t\t\t\t<\/div>\n\t\t\t\t<\/div>\n\t\t\t\t<\/div>\n\t\t","protected":false},"excerpt":{"rendered":"<p><strong>Ekologi\u0161kas neapdorotas kakavos sviestas &#8211; nat\u016brali prie\u017ei\u016bra i\u0161 vidaus ir i\u0161 i\u0161or\u0117s<\/strong><\/p>\n<p>Kakavos sviestas yra \u0161alto spaudimo supermaisto ir k\u016bno prie\u017ei\u016bros produktas, kuriame gausu vitamino E, antioksidant\u0173 ir nat\u016brali\u0173 riebal\u0173 r\u016bg\u0161\u010di\u0173. Jis palaiko odos elastingum\u0105, giliai dr\u0117kina ir tinka naudoti \u017ealiame \u0161okolade arba ant odos. Tirpsta k\u016bno temperat\u016broje ir lengvai \u012fsigeria, tod\u0117l oda tampa \u0161velni, elastinga ir \u0161vytinti.  <\/p>\n","protected":false},"featured_media":3753,"comment_status":"open","ping_status":"closed","template":"","meta":[],"product_brand":[51],"product_cat":[182,133],"product_tag":[],"class_list":{"0":"post-3745","1":"product","2":"type-product","3":"status-publish","4":"has-post-thumbnail","6":"product_brand-caudalie","7":"product_cat-supermaistas","8":"product_cat-isparduota","10":"first","11":"outofstock","12":"sale","13":"taxable","14":"shipping-taxable","15":"purchasable","16":"product-type-variable"},"_links":{"self":[{"href":"http:\/\/stayyoungpuhaskoopia.bestweb.agency\/lt\/wp-json\/wp\/v2\/product\/3745","targetHints":{"allow":["GET"]}}],"collection":[{"href":"http:\/\/stayyoungpuhaskoopia.bestweb.agency\/lt\/wp-json\/wp\/v2\/product"}],"about":[{"href":"http:\/\/stayyoungpuhaskoopia.bestweb.agency\/lt\/wp-json\/wp\/v2\/types\/product"}],"replies":[{"embeddable":true,"href":"http:\/\/stayyoungpuhaskoopia.bestweb.agency\/lt\/wp-json\/wp\/v2\/comments?post=3745"}],"version-history":[{"count":1,"href":"http:\/\/stayyoungpuhaskoopia.bestweb.agency\/lt\/wp-json\/wp\/v2\/product\/3745\/revisions"}],"predecessor-version":[{"id":3755,"href":"http:\/\/stayyoungpuhaskoopia.bestweb.agency\/lt\/wp-json\/wp\/v2\/product\/3745\/revisions\/3755"}],"wp:featuredmedia":[{"embeddable":true,"href":"http:\/\/stayyoungpuhaskoopia.bestweb.agency\/lt\/wp-json\/wp\/v2\/media\/3753"}],"wp:attachment":[{"href":"http:\/\/stayyoungpuhaskoopia.bestweb.agency\/lt\/wp-json\/wp\/v2\/media?parent=3745"}],"wp:term":[{"taxonomy":"product_brand","embeddable":true,"href":"http:\/\/stayyoungpuhaskoopia.bestweb.agency\/lt\/wp-json\/wp\/v2\/product_brand?post=3745"},{"taxonomy":"product_cat","embeddable":true,"href":"http:\/\/stayyoungpuhaskoopia.bestweb.agency\/lt\/wp-json\/wp\/v2\/product_cat?post=3745"},{"taxonomy":"product_tag","embeddable":true,"href":"http:\/\/stayyoungpuhaskoopia.bestweb.agency\/lt\/wp-json\/wp\/v2\/product_tag?post=3745"}],"curies":[{"name":"wp","href":"https:\/\/api.w.org\/{rel}","templated":true}]}}