{"id":3728,"date":"2025-03-08T20:03:49","date_gmt":"2025-03-08T18:03:49","guid":{"rendered":"https:\/\/stayyoung.shop\/toode\/ekologiska-zalia-kakava-300g-500g\/"},"modified":"2025-06-09T13:29:31","modified_gmt":"2025-06-09T10:29:31","slug":"ekologiska-zalia-kakava-300g-500g","status":"publish","type":"product","link":"http:\/\/stayyoungpuhaskoopia.bestweb.agency\/lt\/toode\/ekologiska-zalia-kakava-300g-500g\/","title":{"rendered":"Ekologi\u0161ka \u017ealia kakava 300g-500g"},"content":{"rendered":"\t\t<div data-elementor-type=\"wp-post\" data-elementor-id=\"3728\" class=\"elementor elementor-3728 elementor-1103\" data-elementor-post-type=\"product\">\n\t\t\t\t<div class=\"wd-negative-gap elementor-element elementor-element-a7f8e2e e-flex e-con-boxed e-con e-parent\" data-id=\"a7f8e2e\" data-element_type=\"container\" data-e-type=\"container\">\n\t\t\t\t\t<div class=\"e-con-inner\">\n\t\t\t\t<div class=\"elementor-element elementor-element-d170833 elementor-widget elementor-widget-wd_text_block\" data-id=\"d170833\" data-element_type=\"widget\" data-e-type=\"widget\" data-widget_type=\"wd_text_block.default\">\n\t\t\t\t<div class=\"elementor-widget-container\">\n\t\t\t\t\t\t\t<div class=\"wd-text-block reset-last-child text-left\">\n\t\t\t\n\t\t\t<h3 class=\"\" data-start=\"510\" data-end=\"579\"><strong data-start=\"517\" data-end=\"577\">Ekologi\u0161kos neapdorotos kakavos pupel\u0117s - gryna energija ir d\u017eiaugsmas tiesiai i\u0161 kakavos med\u017eio \u0161irdies<\/strong><\/h3><p class=\"\" data-start=\"580\" data-end=\"1209\">\u017dalia kakava gaunama i\u0161 migdolo dyd\u017eio kakavos pupeli\u0173, esan\u010di\u0173 Theobroma cacao med\u017eio vaisiaus viduje. Tai vienas i\u0161 daugiausiai maistini\u0173 med\u017eiag\u0173 turin\u010di\u0173 supermaisto produkt\u0173 pasaulyje, kuriame yra daugiau kaip 1200 aktyvi\u0173j\u0173 jungini\u0173. Kakavoje yra daugiausiai antioksidant\u0173 i\u0161 vis\u0173 maisto produkt\u0173, joje yra rekordi\u0161kai daug magnio, gele\u017eies, cinko, sieros ir vario. Kakava gerina nuotaik\u0105 d\u0117l nat\u016brali\u0173 jungini\u0173, toki\u0173 kaip triptofanas, serotoninas ir anandamidas. Padeda subalansuoti nuotaik\u0105, palaiko smegen\u0173, \u0161irdies ir kraujotakos veikl\u0105. Tinka kokteiliams, neapdorotam \u0161okoladui, saldumynams ir pyragai\u010diams - nat\u016brali \u0161okoladin\u0117 atgaiva kiekvienai dienai.     <\/p><h3 class=\"\" data-start=\"510\" data-end=\"579\"><strong data-start=\"517\" data-end=\"577\">Kakavos pupel\u0117s<\/strong><strong data-start=\"1222\" data-end=\"1253\"> nauda:<\/strong><\/h3><ul data-start=\"1255\" data-end=\"2012\"><li class=\"\" data-start=\"1255\" data-end=\"1343\"><p class=\"\" data-start=\"1257\" data-end=\"1343\"><strong data-start=\"1257\" data-end=\"1301\">Galingiausias pasaulyje antioksidant\u0173 \u0161altinis<\/strong> - apsaugo l\u0105steles ir l\u0117tina sen\u0117jim\u0105<\/p><\/li><li class=\"\" data-start=\"1344\" data-end=\"1411\"><p class=\"\" data-start=\"1346\" data-end=\"1411\"><strong data-start=\"1346\" data-end=\"1383\">Sud\u0117tyje yra daugiau kaip 1200 aktyvi\u0173j\u0173 jungini\u0173<\/strong> - tikras maistini\u0173 med\u017eiag\u0173 tankis<\/p><\/li><li class=\"\" data-start=\"1412\" data-end=\"1487\"><p class=\"\" data-start=\"1414\" data-end=\"1487\"><strong data-start=\"1414\" data-end=\"1454\">Daug magnio ir gele\u017eies<\/strong> - palaiko raumenis, smegenis ir krauj\u0105.<\/p><\/li><li class=\"\" data-start=\"1488\" data-end=\"1586\"><p class=\"\" data-start=\"1490\" data-end=\"1586\"><strong data-start=\"1490\" data-end=\"1535\">Sud\u0117tyje yra cinko, sieros, vario ir chromo<\/strong>, b\u016btin\u0173 odai, imunitetui ir med\u017eiag\u0173 apykaitai.<\/p><\/li><li class=\"\" data-start=\"1587\" data-end=\"1691\"><p class=\"\" data-start=\"1589\" data-end=\"1691\"><strong data-start=\"1589\" data-end=\"1620\">Poveikis nuotaikai ir smegen\u0173 veiklai<\/strong> - sud\u0117tyje yra triptofano, serotonino, dopamino, PEA ir anandamido.<\/p><\/li><li class=\"\" data-start=\"1692\" data-end=\"1753\"><p class=\"\" data-start=\"1694\" data-end=\"1753\"><strong data-start=\"1694\" data-end=\"1728\">gerina savijaut\u0105 ir k\u016brybi\u0161kum\u0105<\/strong> - nat\u016bralus \"maistas nelaimingiems atsitikimams\"<\/p><\/li><li class=\"\" data-start=\"1754\" data-end=\"1803\"><p class=\"\" data-start=\"1756\" data-end=\"1803\"><strong data-start=\"1756\" data-end=\"1782\">Geras skaidul\u0173 \u0161altinis<\/strong> - palaiko vir\u0161kinim\u0105<\/p><\/li><li class=\"\" data-start=\"1804\" data-end=\"1868\"><p class=\"\" data-start=\"1806\" data-end=\"1868\"><strong data-start=\"1806\" data-end=\"1866\">Tinka gaminti \u017eali\u0105 \u0161okolad\u0105, kokteilius, pyragai\u010dius ir pyragus<\/strong><\/p><\/li><li class=\"\" data-start=\"1869\" data-end=\"1938\"><p class=\"\" data-start=\"1871\" data-end=\"1938\"><strong data-start=\"1871\" data-end=\"1897\">Vegetari\u0161kas ir be glitimo<\/strong> - puikus sveikas pasirinkimas visai \u0161eimai<\/p><\/li><li class=\"\" data-start=\"1939\" data-end=\"2012\"><p class=\"\" data-start=\"1941\" data-end=\"2012\"><strong data-start=\"1941\" data-end=\"1969\">Nat\u016bralus energijos \u0161altinis<\/strong> - be prid\u0117tinio cukraus ar stimuliatori\u0173<\/p><\/li><\/ul>\n\t\t\t\t\t<\/div>\n\t\t\t\t\t\t<\/div>\n\t\t\t\t<\/div>\n\t\t\t\t\t<\/div>\n\t\t\t\t<\/div>\n\t\t\t\t<\/div>\n\t\t","protected":false},"excerpt":{"rendered":"<p><strong>Ekologi\u0161kos neapdorotos kakavos pupel\u0117s &#8211; galingiausias pasaulyje nat\u016bralus supermaistas<\/strong><\/p>\n<p>Neapdorota kakava yra maistini\u0173 med\u017eiag\u0173 turtingas supermaistas, kuriame yra daugiau kaip 1200 aktyvi\u0173 jungini\u0173, \u012fskaitant didel\u012f kiek\u012f antioksidant\u0173, magnio, gele\u017eies ir neurotransmiteri\u0173. Jis gerina nuotaik\u0105, palaiko smegen\u0173 ir \u0161irdies veikl\u0105. Puikus kokteili\u0173, \u017ealio \u0161okolado ar kepini\u0173 priedas &#8211; nat\u016bralus d\u017eiaugsmo ir gyvybingumo \u0161altinis!  <\/p>\n","protected":false},"featured_media":3731,"comment_status":"open","ping_status":"closed","template":"","meta":[],"product_brand":[51],"product_cat":[182,133],"product_tag":[],"class_list":{"0":"post-3728","1":"product","2":"type-product","3":"status-publish","4":"has-post-thumbnail","6":"product_brand-caudalie","7":"product_cat-supermaistas","8":"product_cat-isparduota","10":"first","11":"outofstock","12":"taxable","13":"shipping-taxable","14":"purchasable","15":"product-type-variable"},"_links":{"self":[{"href":"http:\/\/stayyoungpuhaskoopia.bestweb.agency\/lt\/wp-json\/wp\/v2\/product\/3728","targetHints":{"allow":["GET"]}}],"collection":[{"href":"http:\/\/stayyoungpuhaskoopia.bestweb.agency\/lt\/wp-json\/wp\/v2\/product"}],"about":[{"href":"http:\/\/stayyoungpuhaskoopia.bestweb.agency\/lt\/wp-json\/wp\/v2\/types\/product"}],"replies":[{"embeddable":true,"href":"http:\/\/stayyoungpuhaskoopia.bestweb.agency\/lt\/wp-json\/wp\/v2\/comments?post=3728"}],"version-history":[{"count":1,"href":"http:\/\/stayyoungpuhaskoopia.bestweb.agency\/lt\/wp-json\/wp\/v2\/product\/3728\/revisions"}],"predecessor-version":[{"id":3732,"href":"http:\/\/stayyoungpuhaskoopia.bestweb.agency\/lt\/wp-json\/wp\/v2\/product\/3728\/revisions\/3732"}],"wp:featuredmedia":[{"embeddable":true,"href":"http:\/\/stayyoungpuhaskoopia.bestweb.agency\/lt\/wp-json\/wp\/v2\/media\/3731"}],"wp:attachment":[{"href":"http:\/\/stayyoungpuhaskoopia.bestweb.agency\/lt\/wp-json\/wp\/v2\/media?parent=3728"}],"wp:term":[{"taxonomy":"product_brand","embeddable":true,"href":"http:\/\/stayyoungpuhaskoopia.bestweb.agency\/lt\/wp-json\/wp\/v2\/product_brand?post=3728"},{"taxonomy":"product_cat","embeddable":true,"href":"http:\/\/stayyoungpuhaskoopia.bestweb.agency\/lt\/wp-json\/wp\/v2\/product_cat?post=3728"},{"taxonomy":"product_tag","embeddable":true,"href":"http:\/\/stayyoungpuhaskoopia.bestweb.agency\/lt\/wp-json\/wp\/v2\/product_tag?post=3728"}],"curies":[{"name":"wp","href":"https:\/\/api.w.org\/{rel}","templated":true}]}}