{"id":4532,"date":"2025-03-03T20:01:58","date_gmt":"2025-03-03T18:01:58","guid":{"rendered":"https:\/\/stayyoung.shop\/toode\/luonnonmukaiset-raaat-mulperinmarjat-150g-300g-ja-1kg\/"},"modified":"2025-04-20T10:02:43","modified_gmt":"2025-04-20T07:02:43","slug":"luonnonmukaiset-raaat-mulperinmarjat-150g-300g-ja-1kg","status":"publish","type":"product","link":"http:\/\/stayyoungpuhaskoopia.bestweb.agency\/fi\/tuote\/luonnonmukaiset-raaat-mulperinmarjat-150g-300g-ja-1kg\/","title":{"rendered":"Luonnonmukaiset raa&#8217;at mulperinmarjat 150g-300g ja 1kg"},"content":{"rendered":"\t\t<div data-elementor-type=\"wp-post\" data-elementor-id=\"4532\" class=\"elementor elementor-4532 elementor-1020\" data-elementor-post-type=\"product\">\n\t\t\t\t<div class=\"wd-negative-gap elementor-element elementor-element-a7f8e2e e-flex e-con-boxed e-con e-parent\" data-id=\"a7f8e2e\" data-element_type=\"container\" data-e-type=\"container\">\n\t\t\t\t\t<div class=\"e-con-inner\">\n\t\t\t\t<div class=\"elementor-element elementor-element-d170833 elementor-widget elementor-widget-wd_text_block\" data-id=\"d170833\" data-element_type=\"widget\" data-e-type=\"widget\" data-widget_type=\"wd_text_block.default\">\n\t\t\t\t<div class=\"elementor-widget-container\">\n\t\t\t\t\t\t\t<div class=\"wd-text-block reset-last-child text-left\">\n\t\t\t\n\t\t\t<h3 class=\"\" data-start=\"623\" data-end=\"684\"><strong data-start=\"630\" data-end=\"682\">Raaka mulperinmarjat - makea herkku t\u00e4ynn\u00e4 elinvoimaa<\/strong><\/h3><p class=\"\" data-start=\"685\" data-end=\"1292\">Raaka, luonnonmukaisesti viljelty mulperinmarja on luonnollinen ja terveellinen herkku, joka tarjoaa keholle sek\u00e4 makeaa makua ett\u00e4 runsaasti ravintoaineita. Marjat sis\u00e4lt\u00e4v\u00e4t kuitua, C- ja K-vitamiinia, rautaa, kalsiumia ja runsaasti antioksidantteja. Ne tukevat ruoansulatusta, vahvistavat immuunij\u00e4rjestelm\u00e4\u00e4 ja tasapainottavat verensokeria. Raakamulperit sopivat erinomaisesti puuroon, smoothieen, leivonnaisiin tai mysliin - tai vain naposteltuna. Saatavana 150 g, 300 g ja 1 kg pakkauksissa. Sopii vegaaneille ja gluteenittomille ruokavalioille - puhdasta luonnollista energiaa jokaisessa suupalassa.     <\/p><h3 class=\"\" data-start=\"1299\" data-end=\"1344\"><strong data-start=\"1305\" data-end=\"1344\">Mulperinmarjojen hy\u00f6dyt:<\/strong><\/h3><ul data-start=\"1346\" data-end=\"2117\"><li class=\"\" data-start=\"1346\" data-end=\"1419\"><p class=\"\" data-start=\"1348\" data-end=\"1419\"><strong data-start=\"1348\" data-end=\"1370\">Luonnostaan makea<\/strong> - erinomainen vaihtoehto sokerille tai makeisille.<\/p><\/li><li class=\"\" data-start=\"1420\" data-end=\"1490\"><p class=\"\" data-start=\"1422\" data-end=\"1490\"><strong data-start=\"1422\" data-end=\"1450\">Runsas kuitupitoisuus<\/strong> - tukee ruoansulatusta ja pit\u00e4\u00e4 vatsan kyll\u00e4isen\u00e4.<\/p><\/li><li class=\"\" data-start=\"1491\" data-end=\"1566\"><p class=\"\" data-start=\"1493\" data-end=\"1566\"><strong data-start=\"1493\" data-end=\"1530\">Sis\u00e4lt\u00e4\u00e4 C-vitamiinia, K-vitamiinia ja rautaa<\/strong> - tukee immuniteettia ja verisoluja.<\/p><\/li><li class=\"\" data-start=\"1567\" data-end=\"1644\"><p class=\"\" data-start=\"1569\" data-end=\"1644\"><strong data-start=\"1569\" data-end=\"1602\">Tehokas antioksidanttien l\u00e4hde<\/strong> - suojaa soluja ja hidastaa ik\u00e4\u00e4ntymist\u00e4.<\/p><\/li><li class=\"\" data-start=\"1645\" data-end=\"1723\"><p class=\"\" data-start=\"1647\" data-end=\"1723\"><strong data-start=\"1647\" data-end=\"1676\">Tasapainottaa verensokeria<\/strong> - sopii maltillisesti my\u00f6s diabeetikoille.<\/p><\/li><li class=\"\" data-start=\"1724\" data-end=\"1813\"><p class=\"\" data-start=\"1726\" data-end=\"1813\"><strong data-start=\"1726\" data-end=\"1766\">Auttaa pit\u00e4m\u00e4\u00e4n energiatason vakaana<\/strong> luonnollisen sokerin ja kuitujen ansiosta.<\/p><\/li><li class=\"\" data-start=\"1814\" data-end=\"1886\"><p class=\"\" data-start=\"1816\" data-end=\"1886\"><strong data-start=\"1816\" data-end=\"1847\">Soveltuu raakaruokaan ja kasvisruokaan<\/strong> - t\u00e4ydellisesti kuivattu ja luonnonmukainen tuotanto.<\/p><\/li><li class=\"\" data-start=\"1887\" data-end=\"1970\"><p class=\"\" data-start=\"1889\" data-end=\"1970\"><strong data-start=\"1889\" data-end=\"1912\">Monipuolinen k\u00e4ytt\u00f6<\/strong> - puuroon, smoothieen, kekseihin tai suoraan v\u00e4lipaloihin.<\/p><\/li><li class=\"\" data-start=\"1971\" data-end=\"2038\"><p class=\"\" data-start=\"1973\" data-end=\"2038\"><strong data-start=\"1973\" data-end=\"1998\">Gluteeniton ja vegaaninen<\/strong> - sopii eri ruokavalioihin<\/p><\/li><li class=\"\" data-start=\"2039\" data-end=\"2117\"><p class=\"\" data-start=\"2041\" data-end=\"2117\"><strong data-start=\"2041\" data-end=\"2075\">Saatavana 150 g:n, 300 g:n ja 1 kg:n pakkauksissa<\/strong> - kotik\u00e4ytt\u00f6\u00f6n tai suurille faneille.<\/p><\/li><\/ul>\n\t\t\t\t\t<\/div>\n\t\t\t\t\t\t<\/div>\n\t\t\t\t<\/div>\n\t\t\t\t\t<\/div>\n\t\t\t\t<\/div>\n\t\t\t\t<\/div>\n\t\t","protected":false},"excerpt":{"rendered":"<p><strong>Karhunvatukan marjat &#8211; luonnollista makeutta ja voimaa yhdess\u00e4.<\/strong><\/p>\n<p>Miedot mulperinmarjat ovat luonnostaan makeita, t\u00e4ynn\u00e4 kuitua, antioksidantteja ja arvokkaita vitamiineja. N\u00e4m\u00e4 raa&#8217;at marjat tukevat ruoansulatusta, tasapainottavat verensokeria ja antavat terveellist\u00e4 energiaa. Sopii erinomaisesti v\u00e4lipalaksi, puuroon, smoothieihin tai leivonnaisiin. Puhdas kasvipohjainen herkku suoraan luonnosta &#8211; ilman lis\u00e4tty\u00e4 sokeria.   <\/p>\n","protected":false},"featured_media":4533,"comment_status":"open","ping_status":"closed","template":"","meta":[],"product_brand":[51],"product_cat":[176],"product_tag":[],"class_list":{"0":"post-4532","1":"product","2":"type-product","3":"status-publish","4":"has-post-thumbnail","6":"product_brand-caudalie","7":"product_cat-superfoods-fi","9":"first","10":"instock","11":"taxable","12":"shipping-taxable","13":"purchasable","14":"product-type-variable"},"_links":{"self":[{"href":"http:\/\/stayyoungpuhaskoopia.bestweb.agency\/fi\/wp-json\/wp\/v2\/product\/4532","targetHints":{"allow":["GET"]}}],"collection":[{"href":"http:\/\/stayyoungpuhaskoopia.bestweb.agency\/fi\/wp-json\/wp\/v2\/product"}],"about":[{"href":"http:\/\/stayyoungpuhaskoopia.bestweb.agency\/fi\/wp-json\/wp\/v2\/types\/product"}],"replies":[{"embeddable":true,"href":"http:\/\/stayyoungpuhaskoopia.bestweb.agency\/fi\/wp-json\/wp\/v2\/comments?post=4532"}],"version-history":[{"count":1,"href":"http:\/\/stayyoungpuhaskoopia.bestweb.agency\/fi\/wp-json\/wp\/v2\/product\/4532\/revisions"}],"predecessor-version":[{"id":4534,"href":"http:\/\/stayyoungpuhaskoopia.bestweb.agency\/fi\/wp-json\/wp\/v2\/product\/4532\/revisions\/4534"}],"wp:featuredmedia":[{"embeddable":true,"href":"http:\/\/stayyoungpuhaskoopia.bestweb.agency\/fi\/wp-json\/wp\/v2\/media\/4533"}],"wp:attachment":[{"href":"http:\/\/stayyoungpuhaskoopia.bestweb.agency\/fi\/wp-json\/wp\/v2\/media?parent=4532"}],"wp:term":[{"taxonomy":"product_brand","embeddable":true,"href":"http:\/\/stayyoungpuhaskoopia.bestweb.agency\/fi\/wp-json\/wp\/v2\/product_brand?post=4532"},{"taxonomy":"product_cat","embeddable":true,"href":"http:\/\/stayyoungpuhaskoopia.bestweb.agency\/fi\/wp-json\/wp\/v2\/product_cat?post=4532"},{"taxonomy":"product_tag","embeddable":true,"href":"http:\/\/stayyoungpuhaskoopia.bestweb.agency\/fi\/wp-json\/wp\/v2\/product_tag?post=4532"}],"curies":[{"name":"wp","href":"https:\/\/api.w.org\/{rel}","templated":true}]}}