{"id":4523,"date":"2025-03-08T20:01:58","date_gmt":"2025-03-08T18:01:58","guid":{"rendered":"https:\/\/stayyoung.shop\/toode\/luomulaatuinen-raakakaakaojauhe-500g\/"},"modified":"2025-04-20T10:02:43","modified_gmt":"2025-04-20T07:02:43","slug":"luomulaatuinen-raakakaakaojauhe-500g","status":"publish","type":"product","link":"http:\/\/stayyoungpuhaskoopia.bestweb.agency\/fi\/tuote\/luomulaatuinen-raakakaakaojauhe-500g\/","title":{"rendered":"Luomulaatuinen raakakaakaojauhe 500g"},"content":{"rendered":"\t\t<div data-elementor-type=\"wp-post\" data-elementor-id=\"4523\" class=\"elementor elementor-4523 elementor-1099\" data-elementor-post-type=\"product\">\n\t\t\t\t<div class=\"wd-negative-gap elementor-element elementor-element-a7f8e2e e-flex e-con-boxed e-con e-parent\" data-id=\"a7f8e2e\" data-element_type=\"container\" data-e-type=\"container\">\n\t\t\t\t\t<div class=\"e-con-inner\">\n\t\t\t\t<div class=\"elementor-element elementor-element-d170833 elementor-widget elementor-widget-wd_text_block\" data-id=\"d170833\" data-element_type=\"widget\" data-e-type=\"widget\" data-widget_type=\"wd_text_block.default\">\n\t\t\t\t<div class=\"elementor-widget-container\">\n\t\t\t\t\t\t\t<div class=\"wd-text-block reset-last-child text-left\">\n\t\t\t\n\t\t\t<h3 class=\"\" data-start=\"641\" data-end=\"711\"><strong data-start=\"648\" data-end=\"709\">Kylm\u00e4puristettu raakakaakaojauhe - puhdistettu suklaan ydin.<\/strong><\/h3><p class=\"\" data-start=\"712\" data-end=\"1315\">Kylm\u00e4puristettu raakakaakaojauhe valmistetaan kaakaomassasta, josta kaakaovoi on uutettu hell\u00e4varaisesti, jolloin kaikki luonnolliset ravintoaineet s\u00e4ilyv\u00e4t. Toisin kuin kuumennettu kaakaojauhe, t\u00e4m\u00e4 tuote sis\u00e4lt\u00e4\u00e4 yli 1200 aktiivista ainesosaa ja l\u00e4hes 300 luonnollista yhdistett\u00e4. Runsaasti magnesiumia, rautaa, sinkki\u00e4, kuparia ja kalsiumia sek\u00e4 erinomainen antioksidanttien ja entsyymien l\u00e4hde. Se sis\u00e4lt\u00e4\u00e4 my\u00f6s yhdisteit\u00e4, jotka saavat kehon tuntemaan olonsa hyv\u00e4ksi, kuten serotoniinia, tryptofaania ja anandamiinia. Raakakaakaojauhe sopii smoothieihin, puuroihin, raakasuklaaseen tai j\u00e4lkiruokiin - ruoki kehoasi ja mielt\u00e4si aidolla suklaalla!    <\/p><h3 class=\"\" data-start=\"1322\" data-end=\"1365\"><strong data-start=\"1328\" data-end=\"1365\">Raakakaakaojauheen edut:<\/strong><\/h3><ul data-start=\"1367\" data-end=\"2141\"><li class=\"\" data-start=\"1367\" data-end=\"1436\"><p class=\"\" data-start=\"1369\" data-end=\"1436\"><strong data-start=\"1369\" data-end=\"1401\">Kylm\u00e4puristettu ja l\u00e4mmitt\u00e4m\u00e4t\u00f6n<\/strong> - luonnolliset ravintoaineet s\u00e4ilyv\u00e4t.<\/p><\/li><li class=\"\" data-start=\"1437\" data-end=\"1505\"><p class=\"\" data-start=\"1439\" data-end=\"1505\"><strong data-start=\"1439\" data-end=\"1503\">Sis\u00e4lt\u00e4\u00e4 yli 1200 aktiivista yhdistett\u00e4 ja 300 luonnollista yhdistett\u00e4.<\/strong><\/p><\/li><li class=\"\" data-start=\"1506\" data-end=\"1581\"><p class=\"\" data-start=\"1508\" data-end=\"1581\"><strong data-start=\"1508\" data-end=\"1542\">Eritt\u00e4in korkea magnesiumpitoisuus<\/strong> - tukee lihaksia, hermoja ja mielialaa.<\/p><\/li><li class=\"\" data-start=\"1582\" data-end=\"1643\"><p class=\"\" data-start=\"1584\" data-end=\"1643\"><strong data-start=\"1584\" data-end=\"1641\">Sis\u00e4lt\u00e4\u00e4 runsaasti rautaa, sinkki\u00e4, kuparia, kalsiumia ja kromia.<\/strong><\/p><\/li><li class=\"\" data-start=\"1644\" data-end=\"1716\"><p class=\"\" data-start=\"1646\" data-end=\"1716\"><strong data-start=\"1646\" data-end=\"1679\">Tehokas antioksidanttien l\u00e4hde<\/strong> - suojaa soluja ja ehk\u00e4isee ik\u00e4\u00e4ntymist\u00e4.<\/p><\/li><li class=\"\" data-start=\"1717\" data-end=\"1812\"><p class=\"\" data-start=\"1719\" data-end=\"1812\"><strong data-start=\"1719\" data-end=\"1758\">Sis\u00e4lt\u00e4\u00e4 luonnollisia \"onnellisuushormoneja<\/strong> \" - tryptofaania, serotoniinia, dopamiinia, PEA:ta ja anandamidia.<\/p><\/li><li class=\"\" data-start=\"1813\" data-end=\"1881\"><p class=\"\" data-start=\"1815\" data-end=\"1881\"><strong data-start=\"1815\" data-end=\"1841\">Hyv\u00e4 kuidun l\u00e4hde<\/strong> - tukee ruoansulatusta ja suoliston toimintaa.<\/p><\/li><li class=\"\" data-start=\"1882\" data-end=\"1958\"><p class=\"\" data-start=\"1884\" data-end=\"1958\"><strong data-start=\"1884\" data-end=\"1930\">Paras vaihtoehto kuumennetulle kaakaojauheelle<\/strong> - korkeampi ravintoarvo.<\/p><\/li><li class=\"\" data-start=\"1959\" data-end=\"2051\"><p class=\"\" data-start=\"1961\" data-end=\"2051\"><strong data-start=\"1961\" data-end=\"1984\">Monipuolinen k\u00e4ytt\u00f6<\/strong> - sopii smoothieihin, j\u00e4lkiruokiin, puuroihin ja raakasuklaaseen.<\/p><\/li><li class=\"\" data-start=\"2052\" data-end=\"2141\"><p class=\"\" data-start=\"2054\" data-end=\"2141\"><strong data-start=\"2054\" data-end=\"2085\">Kasvisruokaa, vegaaniruokaa, gluteenitonta<\/strong> ruokaa - t\u00e4ydellinen kaikille, jotka etsiv\u00e4t puhdasta ja virkist\u00e4v\u00e4\u00e4 ruokaa.<\/p><\/li><\/ul>\n\t\t\t\t\t<\/div>\n\t\t\t\t\t\t<\/div>\n\t\t\t\t<\/div>\n\t\t\t\t\t<\/div>\n\t\t\t\t<\/div>\n\t\t\t\t<\/div>\n\t\t","protected":false},"excerpt":{"rendered":"<p><strong>Raaka kaakaojauhe &#8211; aitoa suklaata, jossa on voimaa ja vitamiineja<\/strong><\/p>\n<p>Raaka kaakaojauhe saadaan kaakaomassasta sen j\u00e4lkeen, kun rasva on poistettu kylm\u00e4puristamalla. Se on ravinteikas superfood, joka sis\u00e4lt\u00e4\u00e4 yli 1200 aktiivista yhdistett\u00e4, runsaasti antioksidantteja, magnesiumia, rautaa ja hyv\u00e4nolon aineita. Toisin kuin tavallista kaakaojauhetta, sit\u00e4 ei ole kuumennettu &#8211; kaikki luonnolliset ravintoaineet ovat koskemattomia. Lis\u00e4\u00e4 smoothieen, puuroon tai tee omaa terveellist\u00e4 suklaata!   <\/p>\n","protected":false},"featured_media":4524,"comment_status":"open","ping_status":"closed","template":"","meta":[],"product_brand":[54],"product_cat":[176],"product_tag":[],"class_list":{"0":"post-4523","1":"product","2":"type-product","3":"status-publish","4":"has-post-thumbnail","6":"product_brand-payot","7":"product_cat-superfoods-fi","9":"first","10":"instock","11":"taxable","12":"shipping-taxable","13":"purchasable","14":"product-type-simple"},"_links":{"self":[{"href":"http:\/\/stayyoungpuhaskoopia.bestweb.agency\/fi\/wp-json\/wp\/v2\/product\/4523","targetHints":{"allow":["GET"]}}],"collection":[{"href":"http:\/\/stayyoungpuhaskoopia.bestweb.agency\/fi\/wp-json\/wp\/v2\/product"}],"about":[{"href":"http:\/\/stayyoungpuhaskoopia.bestweb.agency\/fi\/wp-json\/wp\/v2\/types\/product"}],"replies":[{"embeddable":true,"href":"http:\/\/stayyoungpuhaskoopia.bestweb.agency\/fi\/wp-json\/wp\/v2\/comments?post=4523"}],"version-history":[{"count":1,"href":"http:\/\/stayyoungpuhaskoopia.bestweb.agency\/fi\/wp-json\/wp\/v2\/product\/4523\/revisions"}],"predecessor-version":[{"id":4526,"href":"http:\/\/stayyoungpuhaskoopia.bestweb.agency\/fi\/wp-json\/wp\/v2\/product\/4523\/revisions\/4526"}],"wp:featuredmedia":[{"embeddable":true,"href":"http:\/\/stayyoungpuhaskoopia.bestweb.agency\/fi\/wp-json\/wp\/v2\/media\/4524"}],"wp:attachment":[{"href":"http:\/\/stayyoungpuhaskoopia.bestweb.agency\/fi\/wp-json\/wp\/v2\/media?parent=4523"}],"wp:term":[{"taxonomy":"product_brand","embeddable":true,"href":"http:\/\/stayyoungpuhaskoopia.bestweb.agency\/fi\/wp-json\/wp\/v2\/product_brand?post=4523"},{"taxonomy":"product_cat","embeddable":true,"href":"http:\/\/stayyoungpuhaskoopia.bestweb.agency\/fi\/wp-json\/wp\/v2\/product_cat?post=4523"},{"taxonomy":"product_tag","embeddable":true,"href":"http:\/\/stayyoungpuhaskoopia.bestweb.agency\/fi\/wp-json\/wp\/v2\/product_tag?post=4523"}],"curies":[{"name":"wp","href":"https:\/\/api.w.org\/{rel}","templated":true}]}}