{"id":4496,"date":"2025-03-03T19:40:02","date_gmt":"2025-03-03T17:40:02","guid":{"rendered":"https:\/\/stayyoung.shop\/toode\/raakasuklaapatukka-rahkan-kanssa-80g\/"},"modified":"2025-04-26T10:09:03","modified_gmt":"2025-04-26T07:09:03","slug":"raakasuklaapatukka-rahkan-kanssa-80g","status":"publish","type":"product","link":"http:\/\/stayyoungpuhaskoopia.bestweb.agency\/fi\/tuote\/raakasuklaapatukka-rahkan-kanssa-80g\/","title":{"rendered":"Raakasuklaapatukka rahkan kanssa 80g"},"content":{"rendered":"\t\t<div data-elementor-type=\"wp-post\" data-elementor-id=\"4496\" class=\"elementor elementor-4496 elementor-1002\" data-elementor-post-type=\"product\">\n\t\t\t\t<div class=\"wd-negative-gap elementor-element elementor-element-a7f8e2e e-flex e-con-boxed e-con e-parent\" data-id=\"a7f8e2e\" data-element_type=\"container\" data-e-type=\"container\">\n\t\t\t\t\t<div class=\"e-con-inner\">\n\t\t\t\t<div class=\"elementor-element elementor-element-d170833 elementor-widget elementor-widget-wd_text_block\" data-id=\"d170833\" data-element_type=\"widget\" data-e-type=\"widget\" data-widget_type=\"wd_text_block.default\">\n\t\t\t\t<div class=\"elementor-widget-container\">\n\t\t\t\t\t\t\t<div class=\"wd-text-block reset-last-child text-left\">\n\t\t\t\n\t\t\t<h3>Johanneksenleip\u00e4kaakaosuklaa - luonnollisesti virkist\u00e4v\u00e4 herkku, joka tukee ruoansulatusta ja painonhallintaa.<\/h3><p>T\u00e4m\u00e4 80 g raakasuklaa sis\u00e4lt\u00e4\u00e4 40 % Kriollo-kaakaota ja 18 % johanneksenleip\u00e4\u00e4, jotka molemmat ovat tunnettuja ruoansulatusta ja aineenvaihduntaa edist\u00e4vist\u00e4 ominaisuuksistaan. Makeutettu kookospalmusokerilla, joka on matalan glykeemisen indeksin ja luonnollinen vaihtoehto puhdistetulle sokerille. <\/p><p>Lis\u00e4tyt maca, baobab, lucuma ja mesquite antavat energiaa ja vitamiineja, kun taas Ceylon-kaneli ja appelsiininkuori tuovat pehme\u00e4n, karamellimaisen ja mausteisen maun. Vegaaninen, gluteeniton ja maidoton. T\u00e4ydellinen valinta tietoiselle makeanhimolle, joka arvostaa sek\u00e4 makua ett\u00e4 vaikutusta.  <\/p><p><strong>Ainesosat:<\/strong> kaakaopitoisuus 40 %, raakakaakaovoi (Kriollo) 36 %, raakakaakaojauhe (Kriollo) 20 %, kookosp\u00e4hkin\u00e4spalasokeri 20 %, johanneksenleip\u00e4 18 %, kylm\u00e4puristettu kookos\u00f6ljy, maca, baobab, bourbon-vanilja, lucuma, mesquite, ceylonilainen kaneli, appelsiininkuori, Himalajan suola.<\/p>\n\t\t\t\t\t<\/div>\n\t\t\t\t\t\t<\/div>\n\t\t\t\t<\/div>\n\t\t\t\t\t<\/div>\n\t\t\t\t<\/div>\n\t\t\t\t<\/div>\n\t\t","protected":false},"excerpt":{"rendered":"<p><strong>Johanneksenleip\u00e4kaakaosuklaa &#8211; herkullinen apu ruoansulatukseen ja painonhallintaan.<\/strong><\/p>\n<p>40 % kaakaota ja 18 % johanneksenleip\u00e4\u00e4 edist\u00e4v\u00e4t aineenvaihduntaa ja tukevat kehon luonnollista tasapainoa. Makeutettu kookospalmusokerilla sek\u00e4 superfoodeilla, kuten maca, baobab ja lucuma. Kriollokaakao ja mausteet luovat pehme\u00e4n, hieman karamellimaisen makuel\u00e4myksen. Vegaaninen, gluteeniton ja puhtaasti hemmotteleva.   <\/p>\n","protected":false},"featured_media":4497,"comment_status":"open","ping_status":"closed","template":"","meta":[],"product_brand":[54],"product_cat":[128,127],"product_tag":[167],"class_list":{"0":"post-4496","1":"product","2":"type-product","3":"status-publish","4":"has-post-thumbnail","6":"product_brand-payot","7":"product_cat-alennusmyynti","8":"product_cat-suklaa","9":"product_tag-suuret-laatat","11":"first","12":"instock","13":"sale","14":"taxable","15":"shipping-taxable","16":"purchasable","17":"product-type-simple"},"_links":{"self":[{"href":"http:\/\/stayyoungpuhaskoopia.bestweb.agency\/fi\/wp-json\/wp\/v2\/product\/4496","targetHints":{"allow":["GET"]}}],"collection":[{"href":"http:\/\/stayyoungpuhaskoopia.bestweb.agency\/fi\/wp-json\/wp\/v2\/product"}],"about":[{"href":"http:\/\/stayyoungpuhaskoopia.bestweb.agency\/fi\/wp-json\/wp\/v2\/types\/product"}],"replies":[{"embeddable":true,"href":"http:\/\/stayyoungpuhaskoopia.bestweb.agency\/fi\/wp-json\/wp\/v2\/comments?post=4496"}],"version-history":[{"count":1,"href":"http:\/\/stayyoungpuhaskoopia.bestweb.agency\/fi\/wp-json\/wp\/v2\/product\/4496\/revisions"}],"predecessor-version":[{"id":4498,"href":"http:\/\/stayyoungpuhaskoopia.bestweb.agency\/fi\/wp-json\/wp\/v2\/product\/4496\/revisions\/4498"}],"wp:featuredmedia":[{"embeddable":true,"href":"http:\/\/stayyoungpuhaskoopia.bestweb.agency\/fi\/wp-json\/wp\/v2\/media\/4497"}],"wp:attachment":[{"href":"http:\/\/stayyoungpuhaskoopia.bestweb.agency\/fi\/wp-json\/wp\/v2\/media?parent=4496"}],"wp:term":[{"taxonomy":"product_brand","embeddable":true,"href":"http:\/\/stayyoungpuhaskoopia.bestweb.agency\/fi\/wp-json\/wp\/v2\/product_brand?post=4496"},{"taxonomy":"product_cat","embeddable":true,"href":"http:\/\/stayyoungpuhaskoopia.bestweb.agency\/fi\/wp-json\/wp\/v2\/product_cat?post=4496"},{"taxonomy":"product_tag","embeddable":true,"href":"http:\/\/stayyoungpuhaskoopia.bestweb.agency\/fi\/wp-json\/wp\/v2\/product_tag?post=4496"}],"curies":[{"name":"wp","href":"https:\/\/api.w.org\/{rel}","templated":true}]}}