{"id":4179,"date":"2025-03-13T19:33:35","date_gmt":"2025-03-13T17:33:35","guid":{"rendered":"https:\/\/stayyoung.shop\/toode\/raakasuklaan-aloitussetti-super-head-15kpl\/"},"modified":"2025-04-26T10:09:06","modified_gmt":"2025-04-26T07:09:06","slug":"raakasuklaan-aloitussetti-super-head-15kpl","status":"publish","type":"product","link":"http:\/\/stayyoungpuhaskoopia.bestweb.agency\/fi\/tuote\/raakasuklaan-aloitussetti-super-head-15kpl\/","title":{"rendered":"Raakasuklaan aloitussetti &#8211; SUPER HEAD &#8211; 15kpl"},"content":{"rendered":"\t\t<div data-elementor-type=\"wp-post\" data-elementor-id=\"4179\" class=\"elementor elementor-4179 elementor-1498\" data-elementor-post-type=\"product\">\n\t\t\t\t<div class=\"wd-negative-gap elementor-element elementor-element-a7f8e2e e-flex e-con-boxed e-con e-parent\" data-id=\"a7f8e2e\" data-element_type=\"container\" data-e-type=\"container\">\n\t\t\t\t\t<div class=\"e-con-inner\">\n\t\t\t\t<div class=\"elementor-element elementor-element-d170833 elementor-widget elementor-widget-wd_text_block\" data-id=\"d170833\" data-element_type=\"widget\" data-e-type=\"widget\" data-widget_type=\"wd_text_block.default\">\n\t\t\t\t<div class=\"elementor-widget-container\">\n\t\t\t\t\t\t\t<div class=\"wd-text-block reset-last-child text-left\">\n\t\t\t\n\t\t\t<p><span style=\"font-family: Satoshi, Arial, Helvetica, sans-serif;font-size: 16px;font-style: normal;font-weight: 500\">Ilmeisesti n\u00e4m\u00e4 ainesosat tekev\u00e4t kes\u00e4kokemuksestasi oikeista syist\u00e4 unohtumattoman, sill\u00e4 ne ehk\u00e4isev\u00e4t auringonpolttamia, kuivumista, valon vanhenemista ja muita ep\u00e4miellytt\u00e4vi\u00e4 tunteita. Samoin tummia l\u00e4iski\u00e4 on helpompi v\u00e4ltt\u00e4\u00e4, sill\u00e4 t\u00e4m\u00e4 aurinkosuoja vahvistaa laajakirjoista UVA\/UVB-suojaa. Kaiken kaikkiaan t\u00e4m\u00e4 on todella pakollinen tuote, joka innovoi luopumatta M\u00e1daran l\u00e4pin\u00e4kyvyytt\u00e4 ja kest\u00e4vyytt\u00e4 koskevista arvoista. J\u00e4lleen kerran n\u00e4m\u00e4 keskeiset luonnonvarat on tietoisesti poimittu pohjoismaisista metsist\u00e4, kun on pidetty mieless\u00e4 planeetan hyvinvointi. Lopuksi t\u00e4m\u00e4 aurinkovoide tarjoaa loistavan esimerkin siit\u00e4, miten tehokas aurinkosuoja voi olla my\u00f6s ymp\u00e4rist\u00f6yst\u00e4v\u00e4llinen.    <\/span><\/p><h4 id=\"wd-e071d9da\" class=\"wp-block-wd-title title\" style=\"margin-bottom: var(--wd-tags-mb, 20px);font-style: normal;font-weight: var(--wd-title-font-weight);font-family: Satoshi, Arial, Helvetica, sans-serif;font-size: 18px;text-transform: none;--wd-trans-main: all .25s ease\">Rilastil Aqua Detergente Vison ominaisuudet:<span style=\"font-size: 16px;text-align: var(--text-align);background-color: var(--bgcolor-white);color: var(--wd-text-color)\"><\/span><\/h4>\n\t\t\t\t\t<\/div>\n\t\t\t\t\t\t<\/div>\n\t\t\t\t<\/div>\n\t\t\t\t<div class=\"elementor-element elementor-element-b651695 elementor-widget elementor-widget-wd_list\" data-id=\"b651695\" data-element_type=\"widget\" data-e-type=\"widget\" data-widget_type=\"wd_list.default\">\n\t\t\t\t<div class=\"elementor-widget-container\">\n\t\t\t\t\t\t\t<ul class=\"wd-list color-scheme- wd-fontsize-s wd-type-unordered wd-style-default text-left\">\n\t\t\t\t\t\t\t\t\t\t\t<li class=\"elementor-repeater-item-2c2edbb\">\n\t\t\t\t\t\t\t\t\t\t\t<span class=\"wd-icon\"><\/span>\t\t\t\t\t\n\t\t\t\t\t<span class=\"wd-list-content list-content\">\n\t\t\t\t\t\t\t\t\t\t\t\t\tPohjoisen lohenp\u00e4\u00e4n kantasolut torjuvat menestyksekk\u00e4\u00e4sti auringon aiheuttamia vaurioita ja est\u00e4v\u00e4t vapaiden radikaalien levi\u00e4mist\u00e4. Lis\u00e4ksi ne auttavat minimoimaan pigmentaatiota, mik\u00e4 puolestaan lis\u00e4\u00e4 kollageenin muodostumista. \t\t\t\t\t\t\t\t\t\t\t<\/span>\n\t\t\t\t<\/li>\n\t\t\t\t\t\t\t\t\t\t\t<li class=\"elementor-repeater-item-006c7d3\">\n\t\t\t\t\t\t\t\t\t\t\t<span class=\"wd-icon\"><\/span>\t\t\t\t\t\n\t\t\t\t\t<span class=\"wd-list-content list-content\">\n\t\t\t\t\t\t\t\t\t\t\t\t\tVadelmansiemen\u00f6ljy lievitt\u00e4\u00e4 tulehduksellisten ihosairauksien oireita ja auttaa suojaamaan ihoa ulkoisilta uhkilta. Sen lis\u00e4ksi, ett\u00e4 t\u00e4m\u00e4 \u00f6ljy sis\u00e4lt\u00e4\u00e4 E-vitamiinia, se sis\u00e4lt\u00e4\u00e4 runsaasti fytosteroleja, jotka voivat auttaa v\u00e4hent\u00e4m\u00e4\u00e4n vesihukkaa. Siksi se pit\u00e4\u00e4 ihon ihon kosteutettuna.  \t\t\t\t\t\t\t\t\t\t\t<\/span>\n\t\t\t\t<\/li>\n\t\t\t\t\t\t\t\t\t\t\t<li class=\"elementor-repeater-item-5108c0f\">\n\t\t\t\t\t\t\t\t\t\t\t<span class=\"wd-icon\"><\/span>\t\t\t\t\t\n\t\t\t\t\t<span class=\"wd-list-content list-content\">\n\t\t\t\t\t\t\t\t\t\t\t\t\tSinkkioksidi heijastaa auringons\u00e4teit\u00e4 kuin peili, tunkeutumatta ihon l\u00e4pi, se antaa vaivattoman laajakirjoisen UVA\/UVB-suojan ja sill\u00e4 on vankka turvallisuustodistus. \t\t\t\t\t\t\t\t\t\t\t<\/span>\n\t\t\t\t<\/li>\n\t\t\t\t\t\t\t\t\t\t\t<li class=\"elementor-repeater-item-a40fe5e\">\n\t\t\t\t\t\t\t\t\t\t\t<span class=\"wd-icon\"><\/span>\t\t\t\t\t\n\t\t\t\t\t<span class=\"wd-list-content list-content\">\n\t\t\t\t\t\t\t\t\t\t\t\t\tGlyseriini kosteuttaa syv\u00e4sti, sill\u00e4 se on luonnollinen l\u00e4hde, jolla on loputtomasti etuja. Se parantaa ihon kimmoisuutta, mahdollistaa muiden ainesosien tunkeutumisen ja v\u00e4hent\u00e4\u00e4 \u00e4rsytyst\u00e4, joten se on ihonhoidon v\u00e4ltt\u00e4m\u00e4t\u00f6n ainesosa. \t\t\t\t\t\t\t\t\t\t\t<\/span>\n\t\t\t\t<\/li>\n\t\t\t\t\t<\/ul>\n\n\t\t\t\t\t\t<\/div>\n\t\t\t\t<\/div>\n\t\t\t\t\t<\/div>\n\t\t\t\t<\/div>\n\t\t\t\t<\/div>\n\t\t","protected":false},"excerpt":{"rendered":"<p><strong>Rasiassa on 15 erilaista raakasuklaata:<\/strong> cantaloupe, arbutus light, arbutus dark, mango, durian, rambutan, p\u00e4\u00e4ryn\u00e4, mulperi-vanilja (valmistuu viikossa), lucuma-cashew, macadamia, marjaananas, banaani-yacon, angervax, mustikka, mustaherukka.<\/p>\n<p><strong>Hinta on 82 \u20ac<\/strong>, jos ostat kaikki patukat erikseen.<\/p>\n","protected":false},"featured_media":3117,"comment_status":"open","ping_status":"closed","template":"","meta":[],"product_brand":[54],"product_cat":[129,215],"product_tag":[],"class_list":{"0":"post-4179","1":"product","2":"type-product","3":"status-publish","4":"has-post-thumbnail","6":"product_brand-payot","7":"product_cat-myyty-loppuun","8":"product_cat-sarjat","10":"first","11":"outofstock","12":"sale","13":"taxable","14":"shipping-taxable","15":"purchasable","16":"product-type-simple"},"_links":{"self":[{"href":"http:\/\/stayyoungpuhaskoopia.bestweb.agency\/fi\/wp-json\/wp\/v2\/product\/4179","targetHints":{"allow":["GET"]}}],"collection":[{"href":"http:\/\/stayyoungpuhaskoopia.bestweb.agency\/fi\/wp-json\/wp\/v2\/product"}],"about":[{"href":"http:\/\/stayyoungpuhaskoopia.bestweb.agency\/fi\/wp-json\/wp\/v2\/types\/product"}],"replies":[{"embeddable":true,"href":"http:\/\/stayyoungpuhaskoopia.bestweb.agency\/fi\/wp-json\/wp\/v2\/comments?post=4179"}],"version-history":[{"count":1,"href":"http:\/\/stayyoungpuhaskoopia.bestweb.agency\/fi\/wp-json\/wp\/v2\/product\/4179\/revisions"}],"predecessor-version":[{"id":4182,"href":"http:\/\/stayyoungpuhaskoopia.bestweb.agency\/fi\/wp-json\/wp\/v2\/product\/4179\/revisions\/4182"}],"wp:featuredmedia":[{"embeddable":true,"href":"http:\/\/stayyoungpuhaskoopia.bestweb.agency\/fi\/wp-json\/wp\/v2\/media\/3117"}],"wp:attachment":[{"href":"http:\/\/stayyoungpuhaskoopia.bestweb.agency\/fi\/wp-json\/wp\/v2\/media?parent=4179"}],"wp:term":[{"taxonomy":"product_brand","embeddable":true,"href":"http:\/\/stayyoungpuhaskoopia.bestweb.agency\/fi\/wp-json\/wp\/v2\/product_brand?post=4179"},{"taxonomy":"product_cat","embeddable":true,"href":"http:\/\/stayyoungpuhaskoopia.bestweb.agency\/fi\/wp-json\/wp\/v2\/product_cat?post=4179"},{"taxonomy":"product_tag","embeddable":true,"href":"http:\/\/stayyoungpuhaskoopia.bestweb.agency\/fi\/wp-json\/wp\/v2\/product_tag?post=4179"}],"curies":[{"name":"wp","href":"https:\/\/api.w.org\/{rel}","templated":true}]}}