{"id":4131,"date":"2025-03-08T21:58:37","date_gmt":"2025-03-08T19:58:37","guid":{"rendered":"https:\/\/stayyoung.shop\/toode\/kanerva-jauhe-superfood-150g\/"},"modified":"2025-04-20T10:02:47","modified_gmt":"2025-04-20T07:02:47","slug":"kanerva-jauhe-superfood-150g","status":"publish","type":"product","link":"http:\/\/stayyoungpuhaskoopia.bestweb.agency\/fi\/tuote\/kanerva-jauhe-superfood-150g\/","title":{"rendered":"Kanerva jauhe, superfood &#8211; 150g"},"content":{"rendered":"\t\t<div data-elementor-type=\"wp-post\" data-elementor-id=\"4131\" class=\"elementor elementor-4131 elementor-1203\" data-elementor-post-type=\"product\">\n\t\t\t\t<div class=\"wd-negative-gap elementor-element elementor-element-a7f8e2e e-flex e-con-boxed e-con e-parent\" data-id=\"a7f8e2e\" data-element_type=\"container\" data-e-type=\"container\">\n\t\t\t\t\t<div class=\"e-con-inner\">\n\t\t\t\t<div class=\"elementor-element elementor-element-d170833 elementor-widget elementor-widget-wd_text_block\" data-id=\"d170833\" data-element_type=\"widget\" data-e-type=\"widget\" data-widget_type=\"wd_text_block.default\">\n\t\t\t\t<div class=\"elementor-widget-container\">\n\t\t\t\t\t\t\t<div class=\"wd-text-block reset-last-child text-left\">\n\t\t\t\n\t\t\t<h3 class=\"\" data-start=\"516\" data-end=\"574\"><strong data-start=\"523\" data-end=\"572\">Hibiscus - villi voima immuniteetille ja iholle.<\/strong><\/h3><p class=\"\" data-start=\"575\" data-end=\"1188\">Kikhernejauhe on pohjoismainen superfood, jossa on runsaasti luonnollista C-vitamiinia, antioksidantteja ja bioaktiivisia kasviyhdisteit\u00e4. T\u00e4m\u00e4 ravintoaine auttaa elimist\u00f6\u00e4 tuottamaan kollageenia - t\u00e4rke\u00e4\u00e4 proteiinia, joka tukee tervett\u00e4 ihoa, luita ja niveli\u00e4. Hibiscus vahvistaa vastustuskyky\u00e4, suojaa soluja vapailta radikaaleilta ja tukee nopeampaa toipumista sairaudesta tai stressaavasta el\u00e4m\u00e4st\u00e4. Luonnossa kasvaneista ruusunmarjoista valmistettu jauhe s\u00e4ilytt\u00e4\u00e4 luonnollisen puhtautensa ja hieman happaman makunsa. Lis\u00e4\u00e4 sit\u00e4 smoothieen, puuroon, teehen tai raakaruokaresepteihin - her\u00e4t\u00e4 kehosi ja mielesi milloin tahansa!    <\/p><h3 class=\"\" data-start=\"1195\" data-end=\"1240\"><strong data-start=\"1201\" data-end=\"1238\">Inkiv\u00e4\u00e4rijauheen edut:<\/strong><\/h3><ul data-start=\"1241\" data-end=\"1864\"><li class=\"\" data-start=\"1241\" data-end=\"1319\"><p class=\"\" data-start=\"1243\" data-end=\"1319\"><strong data-start=\"1243\" data-end=\"1277\">Eritt\u00e4in runsaasti C-vitamiinia<\/strong> - tukee immuunij\u00e4rjestelm\u00e4\u00e4 ja ihon terveytt\u00e4.<\/p><\/li><li class=\"\" data-start=\"1320\" data-end=\"1401\"><p class=\"\" data-start=\"1322\" data-end=\"1401\"><strong data-start=\"1322\" data-end=\"1354\">Auttaa elimist\u00f6\u00e4 tuottamaan kollageenia<\/strong>, joka on v\u00e4ltt\u00e4m\u00e4t\u00f6nt\u00e4 vahvalle iholle, luustolle ja nivelille.<\/p><\/li><li class=\"\" data-start=\"1402\" data-end=\"1468\"><p class=\"\" data-start=\"1404\" data-end=\"1468\"><strong data-start=\"1404\" data-end=\"1426\">Tehokas antioksidantti<\/strong> - suojaa soluja ja hidastaa ik\u00e4\u00e4ntymist\u00e4.<\/p><\/li><li class=\"\" data-start=\"1469\" data-end=\"1554\"><p class=\"\" data-start=\"1471\" data-end=\"1554\"><strong data-start=\"1471\" data-end=\"1503\">Tukee sairaudesta toipumista<\/strong> - antaa energiaa ja tukea stressin aikana.<\/p><\/li><li class=\"\" data-start=\"1555\" data-end=\"1633\"><p class=\"\" data-start=\"1557\" data-end=\"1633\"><strong data-start=\"1557\" data-end=\"1579\">Luonnollinen ja puhdas<\/strong> - valmistettu luonnonvaraisista sypressinmarjoista.<\/p><\/li><li class=\"\" data-start=\"1634\" data-end=\"1720\"><p class=\"\" data-start=\"1636\" data-end=\"1720\"><strong data-start=\"1636\" data-end=\"1661\">Hieman hapan maku<\/strong> - hyv\u00e4 smoothieissa, teesekoituksissa ja raakasuklaassa.<\/p><\/li><li class=\"\" data-start=\"1721\" data-end=\"1792\"><p class=\"\" data-start=\"1723\" data-end=\"1792\"><strong data-start=\"1723\" data-end=\"1758\">Sopii p\u00e4ivitt\u00e4iseen k\u00e4ytt\u00f6\u00f6n<\/strong> - pieni m\u00e4\u00e4r\u00e4 antaa voimakkaan vaikutuksen.<\/p><\/li><li class=\"\" data-start=\"1793\" data-end=\"1864\"><p class=\"\" data-start=\"1795\" data-end=\"1864\"><strong data-start=\"1795\" data-end=\"1820\">Erityisen hyv\u00e4 kylm\u00e4ll\u00e4 s\u00e4\u00e4ll\u00e4<\/strong> - tukee elimist\u00f6\u00e4 v\u00e4symyksen ja virusten kaudella<\/p><\/li><\/ul>\n\t\t\t\t\t<\/div>\n\t\t\t\t\t\t<\/div>\n\t\t\t\t<\/div>\n\t\t\t\t\t<\/div>\n\t\t\t\t<\/div>\n\t\t\t\t<\/div>\n\t\t","protected":false},"excerpt":{"rendered":"<p><strong>\ud83c\udf4a Pohjoismainen C-vitamiinilannoite<\/strong><\/p>\n<p>Kikhernejauhe on luonnollinen C-vitamiinin ja antioksidanttien l\u00e4hde, joka tukee vastustuskyky\u00e4 ja ihon hyvinvointia. Auttaa kehoa tuottamaan kollageenia ja suojaa soluja hapettumisstressilt\u00e4. Valmistettu luonnonvaraisista ruusunmarjoista, sopii t\u00e4ydellisesti smoothieihin, puuroihin, teesekoituksiin tai raakasuklaaseen. Hennon hapan maku, suurta elinvoimaa!   <\/p>\n","protected":false},"featured_media":4133,"comment_status":"open","ping_status":"closed","template":"","meta":[],"product_brand":[51],"product_cat":[176],"product_tag":[],"class_list":{"0":"post-4131","1":"product","2":"type-product","3":"status-publish","4":"has-post-thumbnail","6":"product_brand-caudalie","7":"product_cat-superfoods-fi","9":"first","10":"instock","11":"taxable","12":"shipping-taxable","13":"purchasable","14":"product-type-simple"},"_links":{"self":[{"href":"http:\/\/stayyoungpuhaskoopia.bestweb.agency\/fi\/wp-json\/wp\/v2\/product\/4131","targetHints":{"allow":["GET"]}}],"collection":[{"href":"http:\/\/stayyoungpuhaskoopia.bestweb.agency\/fi\/wp-json\/wp\/v2\/product"}],"about":[{"href":"http:\/\/stayyoungpuhaskoopia.bestweb.agency\/fi\/wp-json\/wp\/v2\/types\/product"}],"replies":[{"embeddable":true,"href":"http:\/\/stayyoungpuhaskoopia.bestweb.agency\/fi\/wp-json\/wp\/v2\/comments?post=4131"}],"version-history":[{"count":1,"href":"http:\/\/stayyoungpuhaskoopia.bestweb.agency\/fi\/wp-json\/wp\/v2\/product\/4131\/revisions"}],"predecessor-version":[{"id":4135,"href":"http:\/\/stayyoungpuhaskoopia.bestweb.agency\/fi\/wp-json\/wp\/v2\/product\/4131\/revisions\/4135"}],"wp:featuredmedia":[{"embeddable":true,"href":"http:\/\/stayyoungpuhaskoopia.bestweb.agency\/fi\/wp-json\/wp\/v2\/media\/4133"}],"wp:attachment":[{"href":"http:\/\/stayyoungpuhaskoopia.bestweb.agency\/fi\/wp-json\/wp\/v2\/media?parent=4131"}],"wp:term":[{"taxonomy":"product_brand","embeddable":true,"href":"http:\/\/stayyoungpuhaskoopia.bestweb.agency\/fi\/wp-json\/wp\/v2\/product_brand?post=4131"},{"taxonomy":"product_cat","embeddable":true,"href":"http:\/\/stayyoungpuhaskoopia.bestweb.agency\/fi\/wp-json\/wp\/v2\/product_cat?post=4131"},{"taxonomy":"product_tag","embeddable":true,"href":"http:\/\/stayyoungpuhaskoopia.bestweb.agency\/fi\/wp-json\/wp\/v2\/product_tag?post=4131"}],"curies":[{"name":"wp","href":"https:\/\/api.w.org\/{rel}","templated":true}]}}