{"id":4094,"date":"2025-03-08T21:43:39","date_gmt":"2025-03-08T19:43:39","guid":{"rendered":"https:\/\/stayyoung.shop\/toode\/ashwagandha-superfood-150g\/"},"modified":"2025-04-20T10:02:46","modified_gmt":"2025-04-20T07:02:46","slug":"ashwagandha-superfood-150g","status":"publish","type":"product","link":"http:\/\/stayyoungpuhaskoopia.bestweb.agency\/fi\/tuote\/ashwagandha-superfood-150g\/","title":{"rendered":"Ashwagandha, superfood 150g"},"content":{"rendered":"\t\t<div data-elementor-type=\"wp-post\" data-elementor-id=\"4094\" class=\"elementor elementor-4094 elementor-1180\" data-elementor-post-type=\"product\">\n\t\t\t\t<div class=\"wd-negative-gap elementor-element elementor-element-a7f8e2e e-flex e-con-boxed e-con e-parent\" data-id=\"a7f8e2e\" data-element_type=\"container\" data-e-type=\"container\">\n\t\t\t\t\t<div class=\"e-con-inner\">\n\t\t\t\t<div class=\"elementor-element elementor-element-d170833 elementor-widget elementor-widget-wd_text_block\" data-id=\"d170833\" data-element_type=\"widget\" data-e-type=\"widget\" data-widget_type=\"wd_text_block.default\">\n\t\t\t\t<div class=\"elementor-widget-container\">\n\t\t\t\t\t\t\t<div class=\"wd-text-block reset-last-child text-left\">\n\t\t\t\n\t\t\t<p class=\"\" data-start=\"572\" data-end=\"1153\">Ashwagandha (Withania somnifera) on yksi tunnetuimmista adaptogeeneist\u00e4, joka auttaa kehoa selviytym\u00e4\u00e4n paremmin stressist\u00e4 ja palauttamaan sis\u00e4isen tasapainon. Aivojen \"elinvoiman juurena\" arvostettu luonnollinen superfood tukee hermostoa, hormonitasapainoa ja energiatasoja. Ashwagandha voi auttaa v\u00e4hent\u00e4m\u00e4\u00e4n ahdistusta, parantamaan unta ja tukemaan keskittymist\u00e4. S\u00e4\u00e4nn\u00f6llinen k\u00e4ytt\u00f6 voi lis\u00e4t\u00e4 fyysist\u00e4 ja henkist\u00e4 kest\u00e4vyytt\u00e4. Se on puhdas kasvisruokailijoille sopiva yrttijauhe, jota on helppo k\u00e4ytt\u00e4\u00e4 smoothieissa, teiss\u00e4 tai yrttisekoituksissa. Luonnollista tukea keholle ja mielelle.     <\/p><h3 class=\"\" data-start=\"1160\" data-end=\"1230\"><strong data-start=\"1167\" data-end=\"1230\">Ashwagandhan edut:<\/strong><\/h3><ul data-start=\"1232\" data-end=\"1879\"><li class=\"\" data-start=\"1232\" data-end=\"1346\"><p class=\"\" data-start=\"1234\" data-end=\"1346\"><strong data-start=\"1234\" data-end=\"1265\">V\u00e4hent\u00e4\u00e4 stressi\u00e4 ja ahdistusta<\/strong> - toimii luonnollisena rauhoittajana, joka auttaa kehoa sopeutumaan stressitilanteisiin.<\/p><\/li><li class=\"\" data-start=\"1347\" data-end=\"1419\"><p class=\"\" data-start=\"1349\" data-end=\"1419\"><strong data-start=\"1349\" data-end=\"1363\">Tukee unta<\/strong> - voi parantaa unen laatua ja v\u00e4hent\u00e4\u00e4 unettomuutta.<\/p><\/li><li class=\"\" data-start=\"1420\" data-end=\"1506\"><p class=\"\" data-start=\"1422\" data-end=\"1506\"><strong data-start=\"1422\" data-end=\"1445\">Tehostaa energiatasoja<\/strong> - auttaa v\u00e4hent\u00e4m\u00e4\u00e4n v\u00e4symyst\u00e4 ja lis\u00e4\u00e4m\u00e4\u00e4n p\u00e4ivitt\u00e4ist\u00e4 elinvoimaa.<\/p><\/li><li class=\"\" data-start=\"1507\" data-end=\"1606\"><p class=\"\" data-start=\"1509\" data-end=\"1606\"><strong data-start=\"1509\" data-end=\"1533\">Hormonaalinen tasapaino<\/strong> - tukee lis\u00e4munuaisen ja kilpirauhasen toimintaa, erityisen hyv\u00e4 naisille.<\/p><\/li><li class=\"\" data-start=\"1607\" data-end=\"1685\"><p class=\"\" data-start=\"1609\" data-end=\"1685\"><strong data-start=\"1609\" data-end=\"1642\">Parantaa keskittymiskyky\u00e4 ja muistia<\/strong> - tukee aivotoimintaa ja henkist\u00e4 selkeytt\u00e4.<\/p><\/li><li class=\"\" data-start=\"1686\" data-end=\"1777\"><p class=\"\" data-start=\"1688\" data-end=\"1777\"><strong data-start=\"1688\" data-end=\"1715\">Vahvistaa immuunij\u00e4rjestelm\u00e4\u00e4<\/strong> - auttaa elimist\u00f6\u00e4 toipumaan nopeammin sairauksista ja rasituksista.<\/p><\/li><li class=\"\" data-start=\"1778\" data-end=\"1879\"><p class=\"\" data-start=\"1780\" data-end=\"1879\"><strong data-start=\"1780\" data-end=\"1808\">Lihasten ja suorituskyvyn tukeminen<\/strong> - voi lis\u00e4t\u00e4 lihasvoimaa ja kest\u00e4vyytt\u00e4 harjoituksen aikana.<\/p><\/li><\/ul>\n\t\t\t\t\t<\/div>\n\t\t\t\t\t\t<\/div>\n\t\t\t\t<\/div>\n\t\t\t\t\t<\/div>\n\t\t\t\t<\/div>\n\t\t\t\t<\/div>\n\t\t","protected":false},"excerpt":{"rendered":"<p><strong>\ud83d\udc9a Luonnollista rauhaa ja voimaa yhdest\u00e4 l\u00e4hteest\u00e4<\/strong><\/p>\n<p>Ashwagandha on ikivanha kasviper\u00e4inen lis\u00e4ravinne, jota on k\u00e4ytetty Intiassa vuosisatojen ajan tuomaan rauhaa ja vahvistamaan kehoa. T\u00e4m\u00e4 luonnollinen elintarvike auttaa tasapainottamaan hormoneja, parantamaan unta ja vahvistamaan hermoja. Ihanteellinen p\u00e4ivitt\u00e4iseksi tueksi, kun el\u00e4m\u00e4 on stressaavampaa kuin on tarpeen. Lis\u00e4\u00e4 smoothieen, veteen tai teehen &#8211; yksinkertaista ja tehokasta!   <\/p>\n","protected":false},"featured_media":4096,"comment_status":"open","ping_status":"closed","template":"","meta":[],"product_brand":[51],"product_cat":[176],"product_tag":[],"class_list":{"0":"post-4094","1":"product","2":"type-product","3":"status-publish","4":"has-post-thumbnail","6":"product_brand-caudalie","7":"product_cat-superfoods-fi","9":"first","10":"instock","11":"taxable","12":"shipping-taxable","13":"purchasable","14":"product-type-simple"},"_links":{"self":[{"href":"http:\/\/stayyoungpuhaskoopia.bestweb.agency\/fi\/wp-json\/wp\/v2\/product\/4094","targetHints":{"allow":["GET"]}}],"collection":[{"href":"http:\/\/stayyoungpuhaskoopia.bestweb.agency\/fi\/wp-json\/wp\/v2\/product"}],"about":[{"href":"http:\/\/stayyoungpuhaskoopia.bestweb.agency\/fi\/wp-json\/wp\/v2\/types\/product"}],"replies":[{"embeddable":true,"href":"http:\/\/stayyoungpuhaskoopia.bestweb.agency\/fi\/wp-json\/wp\/v2\/comments?post=4094"}],"version-history":[{"count":1,"href":"http:\/\/stayyoungpuhaskoopia.bestweb.agency\/fi\/wp-json\/wp\/v2\/product\/4094\/revisions"}],"predecessor-version":[{"id":4098,"href":"http:\/\/stayyoungpuhaskoopia.bestweb.agency\/fi\/wp-json\/wp\/v2\/product\/4094\/revisions\/4098"}],"wp:featuredmedia":[{"embeddable":true,"href":"http:\/\/stayyoungpuhaskoopia.bestweb.agency\/fi\/wp-json\/wp\/v2\/media\/4096"}],"wp:attachment":[{"href":"http:\/\/stayyoungpuhaskoopia.bestweb.agency\/fi\/wp-json\/wp\/v2\/media?parent=4094"}],"wp:term":[{"taxonomy":"product_brand","embeddable":true,"href":"http:\/\/stayyoungpuhaskoopia.bestweb.agency\/fi\/wp-json\/wp\/v2\/product_brand?post=4094"},{"taxonomy":"product_cat","embeddable":true,"href":"http:\/\/stayyoungpuhaskoopia.bestweb.agency\/fi\/wp-json\/wp\/v2\/product_cat?post=4094"},{"taxonomy":"product_tag","embeddable":true,"href":"http:\/\/stayyoungpuhaskoopia.bestweb.agency\/fi\/wp-json\/wp\/v2\/product_tag?post=4094"}],"curies":[{"name":"wp","href":"https:\/\/api.w.org\/{rel}","templated":true}]}}