{"id":4093,"date":"2025-03-08T21:48:54","date_gmt":"2025-03-08T19:48:54","guid":{"rendered":"https:\/\/stayyoung.shop\/toode\/johanneksenleipajauhe-superfood-300g-500g\/"},"modified":"2025-04-20T10:02:47","modified_gmt":"2025-04-20T07:02:47","slug":"johanneksenleipajauhe-superfood-300g-500g","status":"publish","type":"product","link":"http:\/\/stayyoungpuhaskoopia.bestweb.agency\/fi\/tuote\/johanneksenleipajauhe-superfood-300g-500g\/","title":{"rendered":"Johanneksenleip\u00e4jauhe, superfood 300g-500g"},"content":{"rendered":"\t\t<div data-elementor-type=\"wp-post\" data-elementor-id=\"4093\" class=\"elementor elementor-4093 elementor-1186\" data-elementor-post-type=\"product\">\n\t\t\t\t<div class=\"wd-negative-gap elementor-element elementor-element-a7f8e2e e-flex e-con-boxed e-con e-parent\" data-id=\"a7f8e2e\" data-element_type=\"container\" data-e-type=\"container\">\n\t\t\t\t\t<div class=\"e-con-inner\">\n\t\t\t\t<div class=\"elementor-element elementor-element-d170833 elementor-widget elementor-widget-wd_text_block\" data-id=\"d170833\" data-element_type=\"widget\" data-e-type=\"widget\" data-widget_type=\"wd_text_block.default\">\n\t\t\t\t<div class=\"elementor-widget-container\">\n\t\t\t\t\t\t\t<div class=\"wd-text-block reset-last-child text-left\">\n\t\t\t\n\t\t\t<h3 class=\"\" data-start=\"534\" data-end=\"594\"><strong data-start=\"541\" data-end=\"592\">Kaarob - luonnollinen makea jauhe ilman kofeiinia<\/strong><\/h3><p class=\"\" data-start=\"595\" data-end=\"1176\">Kaarob, joka tunnetaan my\u00f6s nimell\u00e4 johanneksenleip\u00e4jauhe, on t\u00e4ysin luonnollinen, makea kaakaon kaltainen superfood, joka ei sis\u00e4ll\u00e4 kofeiinia tai teobromiinia - t\u00e4ydellinen niille, jotka ovat herkki\u00e4 tai allergisia kaakaolle. Kararobissa on kolme kertaa enemm\u00e4n kalsiumia, kolmannes v\u00e4hemm\u00e4n kaloreita ja seitsem\u00e4n kertaa v\u00e4hemm\u00e4n rasvaa kuin kaakaossa. Se sis\u00e4lt\u00e4\u00e4 my\u00f6s B1- ja B2-vitamiineja, rautaa, magnesiumia, mangaania, kromia ja kuitua. Johanneksenleip\u00e4 sis\u00e4lt\u00e4\u00e4 my\u00f6s noin 8 % proteiinia. Se sopii erinomaisesti smoothieihin, raakaruokakakkuihin, kasvipohjaisiin maitoihin ja erityisesti - terveelliseen raakasuklaaseen!    <\/p><h3 class=\"\" data-start=\"1183\" data-end=\"1218\"><strong data-start=\"1189\" data-end=\"1218\">Porkkanan edut:<\/strong><\/h3><ul data-start=\"1220\" data-end=\"1830\"><li class=\"\" data-start=\"1220\" data-end=\"1271\"><p class=\"\" data-start=\"1222\" data-end=\"1271\"><strong data-start=\"1222\" data-end=\"1243\">Luonnollinen makeus<\/strong> - ei lis\u00e4tty\u00e4 sokeria<\/p><\/li><li class=\"\" data-start=\"1272\" data-end=\"1336\"><p class=\"\" data-start=\"1274\" data-end=\"1336\"><strong data-start=\"1274\" data-end=\"1290\">Kofeiiniton<\/strong> - sopii my\u00f6s lapsille ja herkk\u00e4vatsaisille henkil\u00f6ille<\/p><\/li><li class=\"\" data-start=\"1337\" data-end=\"1409\"><p class=\"\" data-start=\"1339\" data-end=\"1409\"><strong data-start=\"1339\" data-end=\"1360\">Runsaasti kalsiumia<\/strong> - 3x enemm\u00e4n kuin kaakao, tukee luustoa ja hampaita.<\/p><\/li><li class=\"\" data-start=\"1410\" data-end=\"1473\"><p class=\"\" data-start=\"1412\" data-end=\"1473\"><strong data-start=\"1412\" data-end=\"1439\">V\u00e4hemm\u00e4n kaloreita ja rasvaa<\/strong> - terveellinen vaihtoehto kaakaolle.<\/p><\/li><li class=\"\" data-start=\"1474\" data-end=\"1525\"><p class=\"\" data-start=\"1476\" data-end=\"1525\"><strong data-start=\"1476\" data-end=\"1504\">Runsaasti kuitua<\/strong> - tukee ruoansulatusta<\/p><\/li><li class=\"\" data-start=\"1526\" data-end=\"1616\"><p class=\"\" data-start=\"1528\" data-end=\"1616\"><strong data-start=\"1528\" data-end=\"1565\">Sis\u00e4lt\u00e4\u00e4 B-vitamiineja ja kivenn\u00e4isaineita<\/strong> - B1, B2, rauta, magnesium, mangaani, kupari, kromi.<\/p><\/li><li class=\"\" data-start=\"1617\" data-end=\"1671\"><p class=\"\" data-start=\"1619\" data-end=\"1671\"><strong data-start=\"1619\" data-end=\"1639\">Hyv\u00e4 proteiinin l\u00e4hde<\/strong> - sis\u00e4lt\u00e4\u00e4 noin 8 % proteiinia<\/p><\/li><li class=\"\" data-start=\"1672\" data-end=\"1768\"><p class=\"\" data-start=\"1674\" data-end=\"1768\"><strong data-start=\"1674\" data-end=\"1697\">Monipuolinen k\u00e4ytt\u00f6<\/strong> - sopii raakasuklaaseen, smoothieihin, kakkuihin ja yrttijuomiin.<\/p><\/li><li class=\"\" data-start=\"1769\" data-end=\"1830\"><p class=\"\" data-start=\"1771\" data-end=\"1830\"><strong data-start=\"1771\" data-end=\"1799\">Sopii kaakaoallergikoille<\/strong> - maukas ja turvallinen vaihtoehto.<\/p><\/li><\/ul>\n\t\t\t\t\t<\/div>\n\t\t\t\t\t\t<\/div>\n\t\t\t\t<\/div>\n\t\t\t\t\t<\/div>\n\t\t\t\t<\/div>\n\t\t\t\t<\/div>\n\t\t","protected":false},"excerpt":{"rendered":"<p><strong>Johanneksenleip\u00e4jauhe &#8211; makea ja luonnollinen kaakaon yst\u00e4v\u00e4<\/strong><\/p>\n<p>Johanneksenleip\u00e4jauhe on luonnollisesti makea ja kofeiiniton kaakaon kaltainen superfood, joka sis\u00e4lt\u00e4\u00e4 runsaasti kalsiumia, B-vitamiineja ja kuituja. Sopii niille, jotka ovat herkki\u00e4 kaakaolle. Kolme kertaa enemm\u00e4n kalsiumia ja seitsem\u00e4n kertaa v\u00e4hemm\u00e4n rasvaa kuin kaakao! Lis\u00e4\u00e4 raakasuklaaseen, smoothieihin tai kasvipohjaisiin maitoihin &#8211; mieto ja ravitseva valinta.   <\/p>\n","protected":false},"featured_media":4095,"comment_status":"open","ping_status":"closed","template":"","meta":[],"product_brand":[51],"product_cat":[176],"product_tag":[],"class_list":{"0":"post-4093","1":"product","2":"type-product","3":"status-publish","4":"has-post-thumbnail","6":"product_brand-caudalie","7":"product_cat-superfoods-fi","9":"first","10":"instock","11":"taxable","12":"shipping-taxable","13":"purchasable","14":"product-type-variable"},"_links":{"self":[{"href":"http:\/\/stayyoungpuhaskoopia.bestweb.agency\/fi\/wp-json\/wp\/v2\/product\/4093","targetHints":{"allow":["GET"]}}],"collection":[{"href":"http:\/\/stayyoungpuhaskoopia.bestweb.agency\/fi\/wp-json\/wp\/v2\/product"}],"about":[{"href":"http:\/\/stayyoungpuhaskoopia.bestweb.agency\/fi\/wp-json\/wp\/v2\/types\/product"}],"replies":[{"embeddable":true,"href":"http:\/\/stayyoungpuhaskoopia.bestweb.agency\/fi\/wp-json\/wp\/v2\/comments?post=4093"}],"version-history":[{"count":3,"href":"http:\/\/stayyoungpuhaskoopia.bestweb.agency\/fi\/wp-json\/wp\/v2\/product\/4093\/revisions"}],"predecessor-version":[{"id":4115,"href":"http:\/\/stayyoungpuhaskoopia.bestweb.agency\/fi\/wp-json\/wp\/v2\/product\/4093\/revisions\/4115"}],"wp:featuredmedia":[{"embeddable":true,"href":"http:\/\/stayyoungpuhaskoopia.bestweb.agency\/fi\/wp-json\/wp\/v2\/media\/4095"}],"wp:attachment":[{"href":"http:\/\/stayyoungpuhaskoopia.bestweb.agency\/fi\/wp-json\/wp\/v2\/media?parent=4093"}],"wp:term":[{"taxonomy":"product_brand","embeddable":true,"href":"http:\/\/stayyoungpuhaskoopia.bestweb.agency\/fi\/wp-json\/wp\/v2\/product_brand?post=4093"},{"taxonomy":"product_cat","embeddable":true,"href":"http:\/\/stayyoungpuhaskoopia.bestweb.agency\/fi\/wp-json\/wp\/v2\/product_cat?post=4093"},{"taxonomy":"product_tag","embeddable":true,"href":"http:\/\/stayyoungpuhaskoopia.bestweb.agency\/fi\/wp-json\/wp\/v2\/product_tag?post=4093"}],"curies":[{"name":"wp","href":"https:\/\/api.w.org\/{rel}","templated":true}]}}