{"id":4070,"date":"2025-03-08T21:41:44","date_gmt":"2025-03-08T19:41:44","guid":{"rendered":"https:\/\/stayyoung.shop\/toode\/guarana-jauhe-superfood-100g\/"},"modified":"2025-04-20T10:02:46","modified_gmt":"2025-04-20T07:02:46","slug":"guarana-jauhe-superfood-100g","status":"publish","type":"product","link":"http:\/\/stayyoungpuhaskoopia.bestweb.agency\/fi\/tuote\/guarana-jauhe-superfood-100g\/","title":{"rendered":"Guarana jauhe &#8211; superfood &#8211; 100g"},"content":{"rendered":"\t\t<div data-elementor-type=\"wp-post\" data-elementor-id=\"4070\" class=\"elementor elementor-4070 elementor-1175\" data-elementor-post-type=\"product\">\n\t\t\t\t<div class=\"wd-negative-gap elementor-element elementor-element-a7f8e2e e-flex e-con-boxed e-con e-parent\" data-id=\"a7f8e2e\" data-element_type=\"container\" data-e-type=\"container\">\n\t\t\t\t\t<div class=\"e-con-inner\">\n\t\t\t\t<div class=\"elementor-element elementor-element-d170833 elementor-widget elementor-widget-wd_text_block\" data-id=\"d170833\" data-element_type=\"widget\" data-e-type=\"widget\" data-widget_type=\"wd_text_block.default\">\n\t\t\t\t<div class=\"elementor-widget-container\">\n\t\t\t\t\t\t\t<div class=\"wd-text-block reset-last-child text-left\">\n\t\t\t\n\t\t\t<h3 class=\"\" data-start=\"540\" data-end=\"594\"><strong data-start=\"547\" data-end=\"592\">Yrttivirkistyst\u00e4, joka her\u00e4tt\u00e4\u00e4 kehon ja mielen.<\/strong><\/h3><p class=\"\" data-start=\"595\" data-end=\"1210\">T\u00e4m\u00e4 Brasilian sademetsist\u00e4 per\u00e4isin oleva luonnollinen kahvinkorvike on voimakas voimavara keholle ja mielelle. Se tunnetaan pirist\u00e4vist\u00e4 vaikutuksistaan, ja se auttaa v\u00e4hent\u00e4m\u00e4\u00e4n v\u00e4symyst\u00e4, p\u00e4\u00e4ns\u00e4rky\u00e4, kuumetta ja kramppeja. Se parantaa keskittymiskyky\u00e4, torjuu henkist\u00e4 uneliaisuutta ja tukee fyysist\u00e4 kest\u00e4vyytt\u00e4. Stimuloi keskushermostoa ja edist\u00e4\u00e4 painonpudotusta. Sopii niille, jotka etsiv\u00e4t kasviper\u00e4ist\u00e4 vaihtoehtoa kahville ilman liiallisia sivuvaikutuksia. Pienin\u00e4 m\u00e4\u00e4rin\u00e4 saavutat nopean, puhtaan energian. Lis\u00e4\u00e4 smoothieihin, teesekoituksiin tai energiapalloihin - luonnollinen elinvoiman l\u00e4hde jokaiseen p\u00e4iv\u00e4\u00e4n.      <\/p><h3 class=\"\" data-start=\"1217\" data-end=\"1268\"><strong data-start=\"1223\" data-end=\"1268\">Brasilialaisten kahvinkorvikkeiden edut:<\/strong><\/h3><ul data-start=\"1270\" data-end=\"1757\"><li class=\"\" data-start=\"1270\" data-end=\"1339\"><p class=\"\" data-start=\"1272\" data-end=\"1339\"><strong data-start=\"1272\" data-end=\"1295\">Nostaa energiatasoja<\/strong> - luonnollinen stimulantti keskushermostolle.<\/p><\/li><li class=\"\" data-start=\"1340\" data-end=\"1393\"><p class=\"\" data-start=\"1342\" data-end=\"1393\"><strong data-start=\"1342\" data-end=\"1391\">Parantaa keskittymist\u00e4 ja henkist\u00e4 selkeytt\u00e4<\/strong><\/p><\/li><li class=\"\" data-start=\"1394\" data-end=\"1430\"><p class=\"\" data-start=\"1396\" data-end=\"1430\"><strong data-start=\"1396\" data-end=\"1428\">V\u00e4hent\u00e4\u00e4 v\u00e4symyst\u00e4 ja p\u00e4\u00e4ns\u00e4rky\u00e4<\/strong><\/p><\/li><li class=\"\" data-start=\"1431\" data-end=\"1473\"><p class=\"\" data-start=\"1433\" data-end=\"1473\"><strong data-start=\"1433\" data-end=\"1471\">Lievitt\u00e4\u00e4 kuumetta ja lihaskramppeja<\/strong><\/p><\/li><li class=\"\" data-start=\"1474\" data-end=\"1527\"><p class=\"\" data-start=\"1476\" data-end=\"1527\"><strong data-start=\"1476\" data-end=\"1502\">Edist\u00e4\u00e4 laihtumista<\/strong> - tehostaa aineenvaihduntaa<\/p><\/li><li class=\"\" data-start=\"1528\" data-end=\"1582\"><p class=\"\" data-start=\"1530\" data-end=\"1582\"><strong data-start=\"1530\" data-end=\"1580\">Lis\u00e4\u00e4 fyysist\u00e4 kapasiteettia ja kest\u00e4vyytt\u00e4<\/strong><\/p><\/li><li class=\"\" data-start=\"1583\" data-end=\"1651\"><p class=\"\" data-start=\"1585\" data-end=\"1651\"><strong data-start=\"1585\" data-end=\"1612\">Hyv\u00e4 vaihtoehto kahville<\/strong> - v\u00e4hemm\u00e4n sivuvaikutuksia, tasaisempi vaikutus.<\/p><\/li><li class=\"\" data-start=\"1652\" data-end=\"1702\"><p class=\"\" data-start=\"1654\" data-end=\"1702\"><strong data-start=\"1654\" data-end=\"1681\">Hyvin pieni m\u00e4\u00e4r\u00e4 riitt\u00e4\u00e4<\/strong> - k\u00e4yt\u00e4 maltillisesti.<\/p><\/li><li class=\"\" data-start=\"1703\" data-end=\"1757\"><p class=\"\" data-start=\"1705\" data-end=\"1757\"><strong data-start=\"1705\" data-end=\"1755\">Sopii smoothieen, teehen tai energiapalaiseen v\u00e4lipalaan.<\/strong><\/p><\/li><\/ul>\n\t\t\t\t\t<\/div>\n\t\t\t\t\t\t<\/div>\n\t\t\t\t<\/div>\n\t\t\t\t\t<\/div>\n\t\t\t\t<\/div>\n\t\t\t\t<\/div>\n\t\t","protected":false},"excerpt":{"rendered":"<p><strong>Brasilian sademetsist\u00e4 saatavaa luonnollista energiaa<\/strong><\/p>\n<p>Suosittu kahvin korvike, joka on per\u00e4isin Brasilian sademetsist\u00e4. Auttaa v\u00e4symykseen, p\u00e4\u00e4ns\u00e4rkyyn, kuumeeseen ja kramppeihin. Parantaa keskittymiskyky\u00e4, v\u00e4hent\u00e4\u00e4 henkist\u00e4 v\u00e4symyst\u00e4 ja tukee fyysist\u00e4 kest\u00e4vyytt\u00e4. Stimuloi hermostoa ja voi edist\u00e4\u00e4 painonpudotusta. K\u00e4yt\u00e4 maltillisesti &#8211; pienikin m\u00e4\u00e4r\u00e4 vaikuttaa!    <\/p>\n","protected":false},"featured_media":4071,"comment_status":"open","ping_status":"closed","template":"","meta":[],"product_brand":[51],"product_cat":[128,176],"product_tag":[],"class_list":{"0":"post-4070","1":"product","2":"type-product","3":"status-publish","4":"has-post-thumbnail","6":"product_brand-caudalie","7":"product_cat-alennusmyynti","8":"product_cat-superfoods-fi","10":"first","11":"instock","12":"sale","13":"taxable","14":"shipping-taxable","15":"purchasable","16":"product-type-simple"},"_links":{"self":[{"href":"http:\/\/stayyoungpuhaskoopia.bestweb.agency\/fi\/wp-json\/wp\/v2\/product\/4070","targetHints":{"allow":["GET"]}}],"collection":[{"href":"http:\/\/stayyoungpuhaskoopia.bestweb.agency\/fi\/wp-json\/wp\/v2\/product"}],"about":[{"href":"http:\/\/stayyoungpuhaskoopia.bestweb.agency\/fi\/wp-json\/wp\/v2\/types\/product"}],"replies":[{"embeddable":true,"href":"http:\/\/stayyoungpuhaskoopia.bestweb.agency\/fi\/wp-json\/wp\/v2\/comments?post=4070"}],"version-history":[{"count":1,"href":"http:\/\/stayyoungpuhaskoopia.bestweb.agency\/fi\/wp-json\/wp\/v2\/product\/4070\/revisions"}],"predecessor-version":[{"id":4072,"href":"http:\/\/stayyoungpuhaskoopia.bestweb.agency\/fi\/wp-json\/wp\/v2\/product\/4070\/revisions\/4072"}],"wp:featuredmedia":[{"embeddable":true,"href":"http:\/\/stayyoungpuhaskoopia.bestweb.agency\/fi\/wp-json\/wp\/v2\/media\/4071"}],"wp:attachment":[{"href":"http:\/\/stayyoungpuhaskoopia.bestweb.agency\/fi\/wp-json\/wp\/v2\/media?parent=4070"}],"wp:term":[{"taxonomy":"product_brand","embeddable":true,"href":"http:\/\/stayyoungpuhaskoopia.bestweb.agency\/fi\/wp-json\/wp\/v2\/product_brand?post=4070"},{"taxonomy":"product_cat","embeddable":true,"href":"http:\/\/stayyoungpuhaskoopia.bestweb.agency\/fi\/wp-json\/wp\/v2\/product_cat?post=4070"},{"taxonomy":"product_tag","embeddable":true,"href":"http:\/\/stayyoungpuhaskoopia.bestweb.agency\/fi\/wp-json\/wp\/v2\/product_tag?post=4070"}],"curies":[{"name":"wp","href":"https:\/\/api.w.org\/{rel}","templated":true}]}}