{"id":4058,"date":"2025-03-08T21:39:02","date_gmt":"2025-03-08T19:39:02","guid":{"rendered":"https:\/\/stayyoung.shop\/toode\/kookospalmusokeri-500g-1000g\/"},"modified":"2025-04-20T10:02:46","modified_gmt":"2025-04-20T07:02:46","slug":"kookospalmusokeri-500g-1000g","status":"publish","type":"product","link":"http:\/\/stayyoungpuhaskoopia.bestweb.agency\/fi\/tuote\/kookospalmusokeri-500g-1000g\/","title":{"rendered":"Kookospalmusokeri 500g-1000g"},"content":{"rendered":"\t\t<div data-elementor-type=\"wp-post\" data-elementor-id=\"4058\" class=\"elementor elementor-4058 elementor-1170\" data-elementor-post-type=\"product\">\n\t\t\t\t<div class=\"wd-negative-gap elementor-element elementor-element-a7f8e2e e-flex e-con-boxed e-con e-parent\" data-id=\"a7f8e2e\" data-element_type=\"container\" data-e-type=\"container\">\n\t\t\t\t\t<div class=\"e-con-inner\">\n\t\t\t\t<div class=\"elementor-element elementor-element-d170833 elementor-widget elementor-widget-wd_text_block\" data-id=\"d170833\" data-element_type=\"widget\" data-e-type=\"widget\" data-widget_type=\"wd_text_block.default\">\n\t\t\t\t<div class=\"elementor-widget-container\">\n\t\t\t\t\t\t\t<div class=\"wd-text-block reset-last-child text-left\">\n\t\t\t\n\t\t\t<h3 class=\"\" data-start=\"422\" data-end=\"501\"><strong data-start=\"429\" data-end=\"499\">Kookospalmusokeri - pehme\u00e4n makea maku, joka ei nosta verensokeria.<\/strong><\/h3><p class=\"\" data-start=\"502\" data-end=\"992\">Kookospalmusokeri on luonnollinen makeutusaine, jonka glykeeminen indeksi on alhainen (GI 35), joten se ei nosta verensokeria yht\u00e4 voimakkaasti kuin tavallinen valkoinen sokeri. T\u00e4m\u00e4 trooppinen sokeri sopii erinomaisesti raakasuklaisiin, leivonnaisiin ja smoothieihin, sill\u00e4 se antaa kevyen karamellin maun. Kookospalmusokeri sis\u00e4lt\u00e4\u00e4 my\u00f6s pieni\u00e4 m\u00e4\u00e4ri\u00e4 mineraaleja, kuten kaliumia ja rautaa. Ihanteellinen valinta terveystietoiselle makeanhimolle, joka haluaa makeuttaa luonnollisesti ja tasapainoisesti.   <\/p><h3 class=\"\" data-start=\"999\" data-end=\"1044\"><strong data-start=\"1005\" data-end=\"1044\">Kookosp\u00e4hkin\u00e4n jaetun sokerin edut:<\/strong><\/h3><ul data-start=\"1046\" data-end=\"1546\"><li class=\"\" data-start=\"1046\" data-end=\"1128\"><p class=\"\" data-start=\"1048\" data-end=\"1128\"><strong data-start=\"1048\" data-end=\"1089\">Matala glykeeminen indeksi (GI 35)<\/strong> - auttaa pit\u00e4m\u00e4\u00e4n verensokerin vakaana.<\/p><\/li><li class=\"\" data-start=\"1129\" data-end=\"1204\"><p class=\"\" data-start=\"1131\" data-end=\"1204\"><strong data-start=\"1131\" data-end=\"1154\">Luonnollinen makeutusaine<\/strong> - ei puhdistettu tai kemiallisesti k\u00e4sitelty.<\/p><\/li><li class=\"\" data-start=\"1205\" data-end=\"1286\"><p class=\"\" data-start=\"1207\" data-end=\"1286\"><strong data-start=\"1207\" data-end=\"1229\">Sis\u00e4lt\u00e4\u00e4 kivenn\u00e4isaineita<\/strong> - kaliumia, rautaa, sinkki\u00e4 ja pieni\u00e4 m\u00e4\u00e4ri\u00e4 B-vitamiineja.<\/p><\/li><li class=\"\" data-start=\"1287\" data-end=\"1341\"><p class=\"\" data-start=\"1289\" data-end=\"1341\"><strong data-start=\"1289\" data-end=\"1339\">Sopii raakasuklaan ja smoothien valmistukseen<\/strong><\/p><\/li><li class=\"\" data-start=\"1342\" data-end=\"1413\"><p class=\"\" data-start=\"1344\" data-end=\"1413\"><strong data-start=\"1344\" data-end=\"1372\">Pehme\u00e4 karamellin maku<\/strong> - miellytt\u00e4v\u00e4 vaihtoehto valkoiselle sokerille.<\/p><\/li><li class=\"\" data-start=\"1414\" data-end=\"1467\"><p class=\"\" data-start=\"1416\" data-end=\"1467\"><strong data-start=\"1416\" data-end=\"1465\">Sopii terveystietoisille ihmisille ja lapsille.<\/strong><\/p><\/li><li class=\"\" data-start=\"1468\" data-end=\"1546\"><p class=\"\" data-start=\"1470\" data-end=\"1546\"><strong data-start=\"1470\" data-end=\"1500\">Ymp\u00e4rist\u00f6yst\u00e4v\u00e4llinen tuotanto<\/strong> - kookospalmun mehun ker\u00e4\u00e4minen ei vahingoita puita.<\/p><\/li><\/ul>\n\t\t\t\t\t<\/div>\n\t\t\t\t\t\t<\/div>\n\t\t\t\t<\/div>\n\t\t\t\t\t<\/div>\n\t\t\t\t<\/div>\n\t\t\t\t<\/div>\n\t\t","protected":false},"excerpt":{"rendered":"<p><strong>Terveellisempi makea maku tropiikista<\/strong><\/p>\n<p>Kookospalmusokeri on luonnollinen matalan glykeemisen indeksin (GI 35) makeutusaine, joka sopii raakasuklaan ja terveellisten makeisten valmistukseen. Siin\u00e4 on mieto karamellin maku, ja se on parempi valinta kuin tavallinen sokeri. <\/p>\n","protected":false},"featured_media":4059,"comment_status":"open","ping_status":"closed","template":"","meta":[],"product_brand":[51],"product_cat":[176],"product_tag":[],"class_list":{"0":"post-4058","1":"product","2":"type-product","3":"status-publish","4":"has-post-thumbnail","6":"product_brand-caudalie","7":"product_cat-superfoods-fi","9":"first","10":"instock","11":"taxable","12":"shipping-taxable","13":"purchasable","14":"product-type-variable"},"_links":{"self":[{"href":"http:\/\/stayyoungpuhaskoopia.bestweb.agency\/fi\/wp-json\/wp\/v2\/product\/4058","targetHints":{"allow":["GET"]}}],"collection":[{"href":"http:\/\/stayyoungpuhaskoopia.bestweb.agency\/fi\/wp-json\/wp\/v2\/product"}],"about":[{"href":"http:\/\/stayyoungpuhaskoopia.bestweb.agency\/fi\/wp-json\/wp\/v2\/types\/product"}],"replies":[{"embeddable":true,"href":"http:\/\/stayyoungpuhaskoopia.bestweb.agency\/fi\/wp-json\/wp\/v2\/comments?post=4058"}],"version-history":[{"count":1,"href":"http:\/\/stayyoungpuhaskoopia.bestweb.agency\/fi\/wp-json\/wp\/v2\/product\/4058\/revisions"}],"predecessor-version":[{"id":4061,"href":"http:\/\/stayyoungpuhaskoopia.bestweb.agency\/fi\/wp-json\/wp\/v2\/product\/4058\/revisions\/4061"}],"wp:featuredmedia":[{"embeddable":true,"href":"http:\/\/stayyoungpuhaskoopia.bestweb.agency\/fi\/wp-json\/wp\/v2\/media\/4059"}],"wp:attachment":[{"href":"http:\/\/stayyoungpuhaskoopia.bestweb.agency\/fi\/wp-json\/wp\/v2\/media?parent=4058"}],"wp:term":[{"taxonomy":"product_brand","embeddable":true,"href":"http:\/\/stayyoungpuhaskoopia.bestweb.agency\/fi\/wp-json\/wp\/v2\/product_brand?post=4058"},{"taxonomy":"product_cat","embeddable":true,"href":"http:\/\/stayyoungpuhaskoopia.bestweb.agency\/fi\/wp-json\/wp\/v2\/product_cat?post=4058"},{"taxonomy":"product_tag","embeddable":true,"href":"http:\/\/stayyoungpuhaskoopia.bestweb.agency\/fi\/wp-json\/wp\/v2\/product_tag?post=4058"}],"curies":[{"name":"wp","href":"https:\/\/api.w.org\/{rel}","templated":true}]}}