{"id":3914,"date":"2025-03-08T21:01:21","date_gmt":"2025-03-08T19:01:21","guid":{"rendered":"https:\/\/stayyoung.shop\/toode\/kurkuma-superfood-150g-500g\/"},"modified":"2025-04-20T10:02:45","modified_gmt":"2025-04-20T07:02:45","slug":"kurkuma-superfood-150g-500g","status":"publish","type":"product","link":"http:\/\/stayyoungpuhaskoopia.bestweb.agency\/fi\/tuote\/kurkuma-superfood-150g-500g\/","title":{"rendered":"Kurkuma, superfood 150g-500g"},"content":{"rendered":"\t\t<div data-elementor-type=\"wp-post\" data-elementor-id=\"3914\" class=\"elementor elementor-3914 elementor-1149\" data-elementor-post-type=\"product\">\n\t\t\t\t<div class=\"wd-negative-gap elementor-element elementor-element-a7f8e2e e-flex e-con-boxed e-con e-parent\" data-id=\"a7f8e2e\" data-element_type=\"container\" data-e-type=\"container\">\n\t\t\t\t\t<div class=\"e-con-inner\">\n\t\t\t\t<div class=\"elementor-element elementor-element-d170833 elementor-widget elementor-widget-wd_text_block\" data-id=\"d170833\" data-element_type=\"widget\" data-e-type=\"widget\" data-widget_type=\"wd_text_block.default\">\n\t\t\t\t<div class=\"elementor-widget-container\">\n\t\t\t\t\t\t\t<div class=\"wd-text-block reset-last-child text-left\">\n\t\t\t\n\t\t\t<h3 class=\"\" data-start=\"472\" data-end=\"531\"><strong data-start=\"479\" data-end=\"529\">Kurkuma - kultainen voima kehon ja mielen tasapainottamiseen<\/strong><\/h3><p class=\"\" data-start=\"532\" data-end=\"1149\">Kurkuma on yksi tehokkaimmista luonnollisista superfoodeista, jota on k\u00e4ytetty vuosisatojen ajan terveyden edist\u00e4miseen. Sill\u00e4 on tulehdusta ehk\u00e4isevi\u00e4, antibakteerisia ja maksan puhdistavia ominaisuuksia. Kurkuma auttaa lievitt\u00e4m\u00e4\u00e4n kipua, tukee ruoansulatusta, tasapainottaa mielialaa ja nopeuttaa aineenvaihduntaa. Se auttaa hallitsemaan painoa, vahvistaa immuunij\u00e4rjestelm\u00e4\u00e4 ja voi ehk\u00e4ist\u00e4 kroonisia sairauksia, kuten niveltulehdusta, Alzheimerin tautia ja jopa sy\u00f6p\u00e4\u00e4. Kurkuma edist\u00e4\u00e4 haavojen paranemista ja voi auttaa my\u00f6s iho-ongelmiin. Lis\u00e4\u00e4 sit\u00e4 kaikkeen riisist\u00e4 ja curryista kakkuihin ja smoothieihin. Kurkuma ravitsee kehoa sis\u00e4lt\u00e4 ulosp\u00e4in.      <\/p><h3 class=\"\" data-start=\"1156\" data-end=\"1191\"><strong data-start=\"1162\" data-end=\"1191\">Kurkuman edut:<\/strong><\/h3><ul data-start=\"1193\" data-end=\"1898\"><li class=\"\" data-start=\"1193\" data-end=\"1257\"><p class=\"\" data-start=\"1195\" data-end=\"1257\"><strong data-start=\"1195\" data-end=\"1220\">Anti-inflammatorinen vaikutus<\/strong> - luonnollinen vaihtoehto l\u00e4\u00e4kkeille.<\/p><\/li><li class=\"\" data-start=\"1258\" data-end=\"1323\"><p class=\"\" data-start=\"1260\" data-end=\"1323\"><strong data-start=\"1260\" data-end=\"1285\">Luonnollinen antiseptinen<\/strong> - suojaa infektioilta ja tulehduksilta.<\/p><\/li><li class=\"\" data-start=\"1324\" data-end=\"1399\"><p class=\"\" data-start=\"1326\" data-end=\"1399\"><strong data-start=\"1326\" data-end=\"1358\">Tehostaa vastustuskyky\u00e4 ja maksan toimintaa<\/strong> - puhdistaa ja tukee elimist\u00f6n puolustuskyky\u00e4.<\/p><\/li><li class=\"\" data-start=\"1400\" data-end=\"1462\"><p class=\"\" data-start=\"1402\" data-end=\"1462\"><strong data-start=\"1402\" data-end=\"1436\">Lievitt\u00e4\u00e4 kipua ja reumaoireita<\/strong> - sopii niveltulehdukseen.<\/p><\/li><li class=\"\" data-start=\"1463\" data-end=\"1510\"><p class=\"\" data-start=\"1465\" data-end=\"1510\"><strong data-start=\"1465\" data-end=\"1508\">Auttaa ehk\u00e4isem\u00e4\u00e4n Alzheimerin tautia ja sy\u00f6p\u00e4\u00e4.<\/strong><\/p><\/li><li class=\"\" data-start=\"1511\" data-end=\"1609\"><p class=\"\" data-start=\"1513\" data-end=\"1609\"><strong data-start=\"1513\" data-end=\"1557\">Parantaa mielialaa ja tasapainottaa mielialoja<\/strong> - k\u00e4ytet\u00e4\u00e4n kiinalaisessa l\u00e4\u00e4ketieteess\u00e4 masennukseen.<\/p><\/li><li class=\"\" data-start=\"1610\" data-end=\"1676\"><p class=\"\" data-start=\"1612\" data-end=\"1676\"><strong data-start=\"1612\" data-end=\"1651\">Edist\u00e4\u00e4 ruoansulatusta ja aineenvaihduntaa<\/strong> - tukee painonhallintaa.<\/p><\/li><li class=\"\" data-start=\"1677\" data-end=\"1738\"><p class=\"\" data-start=\"1679\" data-end=\"1738\"><strong data-start=\"1679\" data-end=\"1736\">Nopeuttaa haavojen paranemista ja ihosolujen uusiutumista.<\/strong><\/p><\/li><li class=\"\" data-start=\"1739\" data-end=\"1812\"><p class=\"\" data-start=\"1741\" data-end=\"1812\"><strong data-start=\"1741\" data-end=\"1783\">Sopii tulehtuneille ihotiloille<\/strong> - psoriaasi, \u00e4rtynyt suola.<\/p><\/li><li class=\"\" data-start=\"1813\" data-end=\"1898\"><p class=\"\" data-start=\"1815\" data-end=\"1898\"><strong data-start=\"1815\" data-end=\"1850\">Luonnollinen ja monipuolinen<\/strong> - sopii suolaisiin ja makeisiin ruokiin.<\/p><\/li><\/ul>\n\t\t\t\t\t<\/div>\n\t\t\t\t\t\t<\/div>\n\t\t\t\t<\/div>\n\t\t\t\t\t<\/div>\n\t\t\t\t<\/div>\n\t\t\t\t<\/div>\n\t\t","protected":false},"excerpt":{"rendered":"<p><strong>Kurkuma &#8211; luonnollinen elinvoiman ja suojan l\u00e4hde.<\/strong><\/p>\n<p>Kurkuma on tulehdusta ehk\u00e4isev\u00e4 ja parantava superfood, joka tukee maksaa, lievitt\u00e4\u00e4 kipua ja auttaa ehk\u00e4isem\u00e4\u00e4n kroonisia sairauksia. Voimakas antioksidantti ja luonnollinen antiseptinen aine, joka tukee immuniteettia, ruoansulatusta ja ihon terveytt\u00e4. Lis\u00e4\u00e4 salaatteihin, curryihin tai smoothieihin saadaksesi kirkkaan v\u00e4rin ja viel\u00e4 enemm\u00e4n hy\u00f6tyj\u00e4.  <\/p>\n","protected":false},"featured_media":3918,"comment_status":"open","ping_status":"closed","template":"","meta":[],"product_brand":[51],"product_cat":[176],"product_tag":[],"class_list":{"0":"post-3914","1":"product","2":"type-product","3":"status-publish","4":"has-post-thumbnail","6":"product_brand-caudalie","7":"product_cat-superfoods-fi","9":"first","10":"instock","11":"taxable","12":"shipping-taxable","13":"purchasable","14":"product-type-variable"},"_links":{"self":[{"href":"http:\/\/stayyoungpuhaskoopia.bestweb.agency\/fi\/wp-json\/wp\/v2\/product\/3914","targetHints":{"allow":["GET"]}}],"collection":[{"href":"http:\/\/stayyoungpuhaskoopia.bestweb.agency\/fi\/wp-json\/wp\/v2\/product"}],"about":[{"href":"http:\/\/stayyoungpuhaskoopia.bestweb.agency\/fi\/wp-json\/wp\/v2\/types\/product"}],"replies":[{"embeddable":true,"href":"http:\/\/stayyoungpuhaskoopia.bestweb.agency\/fi\/wp-json\/wp\/v2\/comments?post=3914"}],"version-history":[{"count":1,"href":"http:\/\/stayyoungpuhaskoopia.bestweb.agency\/fi\/wp-json\/wp\/v2\/product\/3914\/revisions"}],"predecessor-version":[{"id":3920,"href":"http:\/\/stayyoungpuhaskoopia.bestweb.agency\/fi\/wp-json\/wp\/v2\/product\/3914\/revisions\/3920"}],"wp:featuredmedia":[{"embeddable":true,"href":"http:\/\/stayyoungpuhaskoopia.bestweb.agency\/fi\/wp-json\/wp\/v2\/media\/3918"}],"wp:attachment":[{"href":"http:\/\/stayyoungpuhaskoopia.bestweb.agency\/fi\/wp-json\/wp\/v2\/media?parent=3914"}],"wp:term":[{"taxonomy":"product_brand","embeddable":true,"href":"http:\/\/stayyoungpuhaskoopia.bestweb.agency\/fi\/wp-json\/wp\/v2\/product_brand?post=3914"},{"taxonomy":"product_cat","embeddable":true,"href":"http:\/\/stayyoungpuhaskoopia.bestweb.agency\/fi\/wp-json\/wp\/v2\/product_cat?post=3914"},{"taxonomy":"product_tag","embeddable":true,"href":"http:\/\/stayyoungpuhaskoopia.bestweb.agency\/fi\/wp-json\/wp\/v2\/product_tag?post=3914"}],"curies":[{"name":"wp","href":"https:\/\/api.w.org\/{rel}","templated":true}]}}