{"id":3899,"date":"2025-03-08T20:57:56","date_gmt":"2025-03-08T18:57:56","guid":{"rendered":"https:\/\/stayyoung.shop\/toode\/maca-jauhe-superfood-150g-300g\/"},"modified":"2025-04-20T10:02:45","modified_gmt":"2025-04-20T07:02:45","slug":"maca-jauhe-superfood-150g-300g","status":"publish","type":"product","link":"http:\/\/stayyoungpuhaskoopia.bestweb.agency\/fi\/tuote\/maca-jauhe-superfood-150g-300g\/","title":{"rendered":"Maca jauhe, superfood 150g-300g"},"content":{"rendered":"\t\t<div data-elementor-type=\"wp-post\" data-elementor-id=\"3899\" class=\"elementor elementor-3899 elementor-1144\" data-elementor-post-type=\"product\">\n\t\t\t\t<div class=\"wd-negative-gap elementor-element elementor-element-a7f8e2e e-flex e-con-boxed e-con e-parent\" data-id=\"a7f8e2e\" data-element_type=\"container\" data-e-type=\"container\">\n\t\t\t\t\t<div class=\"e-con-inner\">\n\t\t\t\t<div class=\"elementor-element elementor-element-d170833 elementor-widget elementor-widget-wd_text_block\" data-id=\"d170833\" data-element_type=\"widget\" data-e-type=\"widget\" data-widget_type=\"wd_text_block.default\">\n\t\t\t\t<div class=\"elementor-widget-container\">\n\t\t\t\t\t\t\t<div class=\"wd-text-block reset-last-child text-left\">\n\t\t\t\n\t\t\t<h3 class=\"\" data-start=\"528\" data-end=\"579\"><strong data-start=\"535\" data-end=\"577\">Maca - Perun vuoriston elinvoima kehossasi<\/strong><\/h3><p class=\"\" data-start=\"580\" data-end=\"1213\">Maca on juurikasvi, joka kasvaa korkealla Andien vuoristossa, ja sen jauhetta on k\u00e4ytetty vuosisatojen ajan lis\u00e4\u00e4m\u00e4\u00e4n voimaa, kest\u00e4vyytt\u00e4 ja seksuaalista elinvoimaa. Se on adaptogeeni, joka auttaa kehoa sopeutumaan paremmin stressiin, hormonivaihteluihin ja v\u00e4symykseen. Maca sis\u00e4lt\u00e4\u00e4 18 aminohappoa, useita B-ryhm\u00e4n vitamiineja, C- ja E-vitamiineja sek\u00e4 runsaasti kivenn\u00e4isaineita (mm. kalsiumia, rautaa, sinkki\u00e4 ja magnesiumia). Tukee hormonitasapainoa sek\u00e4 miehill\u00e4 ett\u00e4 naisilla, parantaa muistia, mielialaa ja unen laatua. Lis\u00e4\u00e4 maca-jauhetta smoothieihin, mehuihin tai l\u00e4mpimiin juomiin. On suositeltavaa aloittaa pienest\u00e4 ja pit\u00e4\u00e4 pieni tauko joka kuukausi.     <\/p><h3 class=\"\" data-start=\"1220\" data-end=\"1252\"><strong data-start=\"1226\" data-end=\"1252\">Maca hy\u00f6dyt :<\/strong><\/h3><ul data-start=\"1254\" data-end=\"1957\"><li class=\"\" data-start=\"1254\" data-end=\"1328\"><p class=\"\" data-start=\"1256\" data-end=\"1328\"><strong data-start=\"1256\" data-end=\"1278\">Adaptogeeninen vaikutus<\/strong> - auttaa kehoa selviytym\u00e4\u00e4n stressist\u00e4 ja v\u00e4symyksest\u00e4.<\/p><\/li><li class=\"\" data-start=\"1329\" data-end=\"1400\"><p class=\"\" data-start=\"1331\" data-end=\"1400\"><strong data-start=\"1331\" data-end=\"1364\">Tukee hormonitasapainoa<\/strong> - sopii sek\u00e4 miehille ett\u00e4 naisille.<\/p><\/li><li class=\"\" data-start=\"1401\" data-end=\"1511\"><p class=\"\" data-start=\"1403\" data-end=\"1511\"><strong data-start=\"1403\" data-end=\"1435\">Lis\u00e4\u00e4 libidoa ja hedelm\u00e4llisyytt\u00e4<\/strong> - lis\u00e4\u00e4 siemennestett\u00e4, lievitt\u00e4\u00e4 PMS- ja vaihdevuosioireita.<\/p><\/li><li class=\"\" data-start=\"1512\" data-end=\"1589\"><p class=\"\" data-start=\"1514\" data-end=\"1589\"><strong data-start=\"1514\" data-end=\"1537\">Tehostaa vastustuskyky\u00e4<\/strong> - tukee elimist\u00f6n palautumista pitk\u00e4aikaisesta rasituksesta.<\/p><\/li><li class=\"\" data-start=\"1590\" data-end=\"1670\"><p class=\"\" data-start=\"1592\" data-end=\"1670\"><strong data-start=\"1592\" data-end=\"1620\">Parantaa mielialaa ja<\/strong> unta - luonnollinen tuki masennukseen ja unih\u00e4iri\u00f6ihin.<\/p><\/li><li class=\"\" data-start=\"1671\" data-end=\"1723\"><p class=\"\" data-start=\"1673\" data-end=\"1723\"><strong data-start=\"1673\" data-end=\"1721\">Lis\u00e4\u00e4 fyysist\u00e4 ja henkist\u00e4 kest\u00e4vyytt\u00e4<\/strong><\/p><\/li><li class=\"\" data-start=\"1724\" data-end=\"1782\"><p class=\"\" data-start=\"1726\" data-end=\"1782\"><strong data-start=\"1726\" data-end=\"1780\">Sis\u00e4lt\u00e4\u00e4 18 aminohappoa, B1-, B2-, B6-, B6-, C- ja E-vitamiinia.<\/strong><\/p><\/li><li class=\"\" data-start=\"1783\" data-end=\"1875\"><p class=\"\" data-start=\"1785\" data-end=\"1875\"><strong data-start=\"1785\" data-end=\"1817\">Runsas kivenn\u00e4isaineiden l\u00e4hde<\/strong> - kalsium, magnesium, sinkki, rauta, rikki, mangaani jne.<\/p><\/li><li class=\"\" data-start=\"1876\" data-end=\"1911\"><p class=\"\" data-start=\"1878\" data-end=\"1911\"><strong data-start=\"1878\" data-end=\"1909\">Tukee muistia ja keskittymist\u00e4<\/strong><\/p><\/li><li class=\"\" data-start=\"1912\" data-end=\"1957\"><p class=\"\" data-start=\"1914\" data-end=\"1957\"><strong data-start=\"1914\" data-end=\"1957\">Luonnollinen energiankehitt\u00e4j\u00e4 ilman kofeiinia<\/strong><\/p><\/li><\/ul>\n\t\t\t\t\t<\/div>\n\t\t\t\t\t\t<\/div>\n\t\t\t\t<\/div>\n\t\t\t\t\t<\/div>\n\t\t\t\t<\/div>\n\t\t\t\t<\/div>\n\t\t","protected":false},"excerpt":{"rendered":"<p><strong>Maca-jauhe &#8211; luonnollinen voiman, tasapainon ja elinvoiman l\u00e4hde.<\/strong><\/p>\n<p>Maca on Perun vuorilta per\u00e4isin oleva ravintoaine, joka tukee kest\u00e4vyytt\u00e4, tasapainottaa hormoneja ja lis\u00e4\u00e4 seksuaalista energiaa. Adaptogeenina se auttaa kehoa selviytym\u00e4\u00e4n paremmin stressist\u00e4 ja v\u00e4symyksest\u00e4. Se sis\u00e4lt\u00e4\u00e4 18 aminohappoa, vitamiineja ja kivenn\u00e4isaineita. Sopii erinomaisesti smoothieihin, mehuihin tai l\u00e4mpimiin juomiin. Aloita pienest\u00e4.    <\/p>\n","protected":false},"featured_media":3903,"comment_status":"open","ping_status":"closed","template":"","meta":[],"product_brand":[51],"product_cat":[128,176],"product_tag":[],"class_list":{"0":"post-3899","1":"product","2":"type-product","3":"status-publish","4":"has-post-thumbnail","6":"product_brand-caudalie","7":"product_cat-alennusmyynti","8":"product_cat-superfoods-fi","10":"first","11":"instock","12":"sale","13":"taxable","14":"shipping-taxable","15":"purchasable","16":"product-type-variable"},"_links":{"self":[{"href":"http:\/\/stayyoungpuhaskoopia.bestweb.agency\/fi\/wp-json\/wp\/v2\/product\/3899","targetHints":{"allow":["GET"]}}],"collection":[{"href":"http:\/\/stayyoungpuhaskoopia.bestweb.agency\/fi\/wp-json\/wp\/v2\/product"}],"about":[{"href":"http:\/\/stayyoungpuhaskoopia.bestweb.agency\/fi\/wp-json\/wp\/v2\/types\/product"}],"replies":[{"embeddable":true,"href":"http:\/\/stayyoungpuhaskoopia.bestweb.agency\/fi\/wp-json\/wp\/v2\/comments?post=3899"}],"version-history":[{"count":1,"href":"http:\/\/stayyoungpuhaskoopia.bestweb.agency\/fi\/wp-json\/wp\/v2\/product\/3899\/revisions"}],"predecessor-version":[{"id":3904,"href":"http:\/\/stayyoungpuhaskoopia.bestweb.agency\/fi\/wp-json\/wp\/v2\/product\/3899\/revisions\/3904"}],"wp:featuredmedia":[{"embeddable":true,"href":"http:\/\/stayyoungpuhaskoopia.bestweb.agency\/fi\/wp-json\/wp\/v2\/media\/3903"}],"wp:attachment":[{"href":"http:\/\/stayyoungpuhaskoopia.bestweb.agency\/fi\/wp-json\/wp\/v2\/media?parent=3899"}],"wp:term":[{"taxonomy":"product_brand","embeddable":true,"href":"http:\/\/stayyoungpuhaskoopia.bestweb.agency\/fi\/wp-json\/wp\/v2\/product_brand?post=3899"},{"taxonomy":"product_cat","embeddable":true,"href":"http:\/\/stayyoungpuhaskoopia.bestweb.agency\/fi\/wp-json\/wp\/v2\/product_cat?post=3899"},{"taxonomy":"product_tag","embeddable":true,"href":"http:\/\/stayyoungpuhaskoopia.bestweb.agency\/fi\/wp-json\/wp\/v2\/product_tag?post=3899"}],"curies":[{"name":"wp","href":"https:\/\/api.w.org\/{rel}","templated":true}]}}