{"id":3805,"date":"2025-03-08T20:45:21","date_gmt":"2025-03-08T18:45:21","guid":{"rendered":"https:\/\/stayyoung.shop\/toode\/inkan-marjat-300g-600g\/"},"modified":"2025-04-20T10:02:44","modified_gmt":"2025-04-20T07:02:44","slug":"inkan-marjat-300g-600g","status":"publish","type":"product","link":"http:\/\/stayyoungpuhaskoopia.bestweb.agency\/fi\/tuote\/inkan-marjat-300g-600g\/","title":{"rendered":"Inkan marjat 300g-600g"},"content":{"rendered":"\t\t<div data-elementor-type=\"wp-post\" data-elementor-id=\"3805\" class=\"elementor elementor-3805 elementor-1130\" data-elementor-post-type=\"product\">\n\t\t\t\t<div class=\"wd-negative-gap elementor-element elementor-element-a7f8e2e e-flex e-con-boxed e-con e-parent\" data-id=\"a7f8e2e\" data-element_type=\"container\" data-e-type=\"container\">\n\t\t\t\t\t<div class=\"e-con-inner\">\n\t\t\t\t<div class=\"elementor-element elementor-element-d170833 elementor-widget elementor-widget-wd_text_block\" data-id=\"d170833\" data-element_type=\"widget\" data-e-type=\"widget\" data-widget_type=\"wd_text_block.default\">\n\t\t\t\t<div class=\"elementor-widget-container\">\n\t\t\t\t\t\t\t<div class=\"wd-text-block reset-last-child text-left\">\n\t\t\t\n\t\t\t<h3 class=\"\" data-start=\"555\" data-end=\"625\"><strong data-start=\"562\" data-end=\"623\">Inka-marjat - luonnollinen vitamiinipommi ja makuel\u00e4mys samassa yhteydess\u00e4<\/strong><\/h3><p class=\"\" data-start=\"626\" data-end=\"1282\">Perulaiset inkiv\u00e4\u00e4rimarjat ovat eritt\u00e4in ravitsevaa superruokaa, jonka maku tasapainottaa t\u00e4ydellisesti makeutta ja happamuutta. Ilman kemikaaleja kasvatetut ja hitaasti auringossa kuivatut marjat s\u00e4ilytt\u00e4v\u00e4t vitamiini- ja ravintoainepitoisuutensa. Inka-marjoissa on runsaasti A-, C- ja B-vitamiineja, antioksidantteja, bioflavonoideja ja pektiini\u00e4. Ne auttavat vahvistamaan vastustuskyky\u00e4, v\u00e4hent\u00e4m\u00e4\u00e4n stressi\u00e4, tukemaan ruoansulatusta ja tasapainottamaan verensokeria. Ne ovat hyvi\u00e4 my\u00f6s diabeetikoille ja voivat auttaa eturauhas- ja syd\u00e4nongelmiin. Nauti niit\u00e4 sellaisenaan, lis\u00e4\u00e4 niit\u00e4 salaatteihin, smoothieihin tai leivonnaisiin - elinvoimaa jokaisessa suupalassa!     <\/p><h3 class=\"\" data-start=\"1289\" data-end=\"1328\"><strong data-start=\"1295\" data-end=\"1328\">Inka-marjojen hy\u00f6dyt:<\/strong><\/h3><ul data-start=\"1330\" data-end=\"2154\"><li class=\"\" data-start=\"1330\" data-end=\"1416\"><p class=\"\" data-start=\"1332\" data-end=\"1416\"><strong data-start=\"1332\" data-end=\"1361\">Runsas vitamiinien l\u00e4hde<\/strong> - A-, C- ja B-vitamiinit (harvoin my\u00f6s B12).<\/p><\/li><li class=\"\" data-start=\"1417\" data-end=\"1503\"><p class=\"\" data-start=\"1419\" data-end=\"1503\"><strong data-start=\"1419\" data-end=\"1449\">Vahva antioksidanttiaktiivisuus<\/strong> - sis\u00e4lt\u00e4\u00e4 polyfenoleja, karotenoideja ja flavonoideja.<\/p><\/li><li class=\"\" data-start=\"1504\" data-end=\"1600\"><p class=\"\" data-start=\"1506\" data-end=\"1600\"><strong data-start=\"1506\" data-end=\"1541\">Anti-inflammatorinen ja antiviraalinen<\/strong> - bioflavonoidit auttavat elimist\u00f6\u00e4 torjumaan infektioita.<\/p><\/li><li class=\"\" data-start=\"1601\" data-end=\"1683\"><p class=\"\" data-start=\"1603\" data-end=\"1683\"><strong data-start=\"1603\" data-end=\"1638\">Ruoansulatuksen ja suoliston tukeminen<\/strong> - liev\u00e4 laksatiivinen, sis\u00e4lt\u00e4\u00e4 pektiini\u00e4.<\/p><\/li><li class=\"\" data-start=\"1684\" data-end=\"1763\"><p class=\"\" data-start=\"1686\" data-end=\"1763\"><strong data-start=\"1686\" data-end=\"1735\">Auttaa s\u00e4\u00e4telem\u00e4\u00e4n verensokeria ja kolesterolia<\/strong> - sopii my\u00f6s diabeetikoille.<\/p><\/li><li class=\"\" data-start=\"1764\" data-end=\"1840\"><p class=\"\" data-start=\"1766\" data-end=\"1840\"><strong data-start=\"1766\" data-end=\"1799\">Stressi\u00e4 lievitt\u00e4v\u00e4 ja rauhoittava<\/strong> - luonnollinen rauhoittaja flavonoidien ansiosta.<\/p><\/li><li class=\"\" data-start=\"1841\" data-end=\"1916\"><p class=\"\" data-start=\"1843\" data-end=\"1916\"><strong data-start=\"1843\" data-end=\"1882\">Vahvistaa immuunij\u00e4rjestelm\u00e4\u00e4 ja hiuksia<\/strong> - ehk\u00e4isee hiustenl\u00e4ht\u00f6\u00e4.<\/p><\/li><li class=\"\" data-start=\"1917\" data-end=\"1993\"><p class=\"\" data-start=\"1919\" data-end=\"1993\"><strong data-start=\"1919\" data-end=\"1946\">Paljon proteiinia<\/strong> - enemm\u00e4n proteiinia kuin useimmissa muissa marjoissa.<\/p><\/li><li class=\"\" data-start=\"1994\" data-end=\"2068\"><p class=\"\" data-start=\"1996\" data-end=\"2068\"><strong data-start=\"1996\" data-end=\"2024\">Tukee eturauhasen terveytt\u00e4<\/strong> - virtsanerityst\u00e4 stimuloivan vaikutuksensa ansiosta.<\/p><\/li><li class=\"\" data-start=\"2069\" data-end=\"2154\"><p class=\"\" data-start=\"2071\" data-end=\"2154\"><strong data-start=\"2071\" data-end=\"2094\">Monipuolinen k\u00e4ytt\u00f6<\/strong> - salaattien, j\u00e4lkiruokien, hillojen, juustojen ja v\u00e4lipalojen seassa.<\/p><\/li><\/ul>\n\t\t\t\t\t<\/div>\n\t\t\t\t\t\t<\/div>\n\t\t\t\t<\/div>\n\t\t\t\t\t<\/div>\n\t\t\t\t<\/div>\n\t\t\t\t<\/div>\n\t\t","protected":false},"excerpt":{"rendered":"<p><strong>Inkan marjat &#8211; aurinkokuivattuja superhedelmi\u00e4 Perusta.<\/strong><\/p>\n<p>Perulaiset physalis- eli inkamarjat ovat hieman happaman makuista terveysruokaa, joka on aurinkokuivattua ja kasvatettu luonnollisesti ilman kemikaaleja. Ne sis\u00e4lt\u00e4v\u00e4t A-, B- ja C-vitamiinia, antioksidantteja ja pektiini\u00e4. Tukevat ruoansulatusta, immuniteettia ja verensokeritasapainoa. Sopii v\u00e4lipalaksi tai salaattien, leivonnaisten ja hedelm\u00e4cocktailien lisukkeeksi.   <\/p>\n","protected":false},"featured_media":3809,"comment_status":"open","ping_status":"closed","template":"","meta":[],"product_brand":[51],"product_cat":[128,176],"product_tag":[],"class_list":{"0":"post-3805","1":"product","2":"type-product","3":"status-publish","4":"has-post-thumbnail","6":"product_brand-caudalie","7":"product_cat-alennusmyynti","8":"product_cat-superfoods-fi","10":"first","11":"instock","12":"sale","13":"taxable","14":"shipping-taxable","15":"purchasable","16":"product-type-variable"},"_links":{"self":[{"href":"http:\/\/stayyoungpuhaskoopia.bestweb.agency\/fi\/wp-json\/wp\/v2\/product\/3805","targetHints":{"allow":["GET"]}}],"collection":[{"href":"http:\/\/stayyoungpuhaskoopia.bestweb.agency\/fi\/wp-json\/wp\/v2\/product"}],"about":[{"href":"http:\/\/stayyoungpuhaskoopia.bestweb.agency\/fi\/wp-json\/wp\/v2\/types\/product"}],"replies":[{"embeddable":true,"href":"http:\/\/stayyoungpuhaskoopia.bestweb.agency\/fi\/wp-json\/wp\/v2\/comments?post=3805"}],"version-history":[{"count":1,"href":"http:\/\/stayyoungpuhaskoopia.bestweb.agency\/fi\/wp-json\/wp\/v2\/product\/3805\/revisions"}],"predecessor-version":[{"id":3812,"href":"http:\/\/stayyoungpuhaskoopia.bestweb.agency\/fi\/wp-json\/wp\/v2\/product\/3805\/revisions\/3812"}],"wp:featuredmedia":[{"embeddable":true,"href":"http:\/\/stayyoungpuhaskoopia.bestweb.agency\/fi\/wp-json\/wp\/v2\/media\/3809"}],"wp:attachment":[{"href":"http:\/\/stayyoungpuhaskoopia.bestweb.agency\/fi\/wp-json\/wp\/v2\/media?parent=3805"}],"wp:term":[{"taxonomy":"product_brand","embeddable":true,"href":"http:\/\/stayyoungpuhaskoopia.bestweb.agency\/fi\/wp-json\/wp\/v2\/product_brand?post=3805"},{"taxonomy":"product_cat","embeddable":true,"href":"http:\/\/stayyoungpuhaskoopia.bestweb.agency\/fi\/wp-json\/wp\/v2\/product_cat?post=3805"},{"taxonomy":"product_tag","embeddable":true,"href":"http:\/\/stayyoungpuhaskoopia.bestweb.agency\/fi\/wp-json\/wp\/v2\/product_tag?post=3805"}],"curies":[{"name":"wp","href":"https:\/\/api.w.org\/{rel}","templated":true}]}}