{"id":3786,"date":"2025-03-08T20:42:32","date_gmt":"2025-03-08T18:42:32","guid":{"rendered":"https:\/\/stayyoung.shop\/toode\/goji-marjat-150g-300g\/"},"modified":"2025-04-20T10:02:44","modified_gmt":"2025-04-20T07:02:44","slug":"goji-marjat-150g-300g","status":"publish","type":"product","link":"http:\/\/stayyoungpuhaskoopia.bestweb.agency\/fi\/tuote\/goji-marjat-150g-300g\/","title":{"rendered":"Goji-marjat 150g-300g"},"content":{"rendered":"\t\t<div data-elementor-type=\"wp-post\" data-elementor-id=\"3786\" class=\"elementor elementor-3786 elementor-1125\" data-elementor-post-type=\"product\">\n\t\t\t\t<div class=\"wd-negative-gap elementor-element elementor-element-a7f8e2e e-flex e-con-boxed e-con e-parent\" data-id=\"a7f8e2e\" data-element_type=\"container\" data-e-type=\"container\">\n\t\t\t\t\t<div class=\"e-con-inner\">\n\t\t\t\t<div class=\"elementor-element elementor-element-d170833 elementor-widget elementor-widget-wd_text_block\" data-id=\"d170833\" data-element_type=\"widget\" data-e-type=\"widget\" data-widget_type=\"wd_text_block.default\">\n\t\t\t\t<div class=\"elementor-widget-container\">\n\t\t\t\t\t\t\t<div class=\"wd-text-block reset-last-child text-left\">\n\t\t\t\n\t\t\t<h3 class=\"\" data-start=\"540\" data-end=\"610\"><strong data-start=\"547\" data-end=\"608\">Goji-marjat - luonnollista tukea nuoruudelle ja kest\u00e4vyydelle.<\/strong><\/h3><p class=\"\" data-start=\"611\" data-end=\"1203\">Goji-marjat, jotka tunnetaan my\u00f6s pitk\u00e4ik\u00e4isyyshedelmin\u00e4, sis\u00e4lt\u00e4v\u00e4t 21 mineraalia (esim. sinkki\u00e4, rautaa, seleeni\u00e4), 18 aminohappoa sek\u00e4 A-, B1-, B2-, B6- ja E-vitamiineja. N\u00e4m\u00e4 punaiset marjat ovat erinomaisia antioksidantteja, jotka tukevat silmien terveytt\u00e4, vahvistavat vastustuskyky\u00e4 ja auttavat kehoa tuottamaan kasvuhormoneja, jotka tukevat solujen uudistumista ja uusiutumista. Goji auttaa lis\u00e4\u00e4m\u00e4\u00e4n energiaa, elinvoimaa ja seksuaalisuutta. Beetakaroteenin ja zeaksantiinin ansiosta ne ovat hyvi\u00e4 my\u00f6s syd\u00e4melle ja iholle. Sopii jogurttiin, puuroon, teehen tai vain v\u00e4lipalaksi. Luonnollista energiaa ja elinvoimaa jokaisessa marjassa!    <\/p><h3 class=\"\" data-start=\"1210\" data-end=\"1250\"><strong data-start=\"1216\" data-end=\"1250\">Goji-marjojen edut:<\/strong><\/h3><ul data-start=\"1252\" data-end=\"1865\"><li class=\"\" data-start=\"1252\" data-end=\"1297\"><p class=\"\" data-start=\"1254\" data-end=\"1297\"><strong data-start=\"1254\" data-end=\"1295\">Yksi maailman ravinteikkaimmista marjoista.<\/strong><\/p><\/li><li class=\"\" data-start=\"1298\" data-end=\"1386\"><p class=\"\" data-start=\"1300\" data-end=\"1386\"><strong data-start=\"1300\" data-end=\"1342\">Sis\u00e4lt\u00e4\u00e4 21 mineraalia ja 18 aminohappoa<\/strong> - tehokas proteiinin ja hivenaineiden l\u00e4hde.<\/p><\/li><li class=\"\" data-start=\"1387\" data-end=\"1459\"><p class=\"\" data-start=\"1389\" data-end=\"1459\"><strong data-start=\"1389\" data-end=\"1429\">Stimuloi kasvuhormonien tuotantoa<\/strong> - tukee solujen uudistumista.<\/p><\/li><li class=\"\" data-start=\"1460\" data-end=\"1537\"><p class=\"\" data-start=\"1462\" data-end=\"1537\"><strong data-start=\"1462\" data-end=\"1495\">Runsaasti antioksidantteja<\/strong> - suojaa soluja ja hidastaa ik\u00e4\u00e4ntymist\u00e4.<\/p><\/li><li class=\"\" data-start=\"1538\" data-end=\"1604\"><p class=\"\" data-start=\"1540\" data-end=\"1604\"><strong data-start=\"1540\" data-end=\"1557\">Hyv\u00e4 silmille<\/strong> - sis\u00e4lt\u00e4\u00e4 zeaksantiinia, joka tukee n\u00e4k\u00f6kyky\u00e4.<\/p><\/li><li class=\"\" data-start=\"1605\" data-end=\"1646\"><p class=\"\" data-start=\"1607\" data-end=\"1646\"><strong data-start=\"1607\" data-end=\"1644\">Vahvistaa immuunij\u00e4rjestelm\u00e4\u00e4 ja syd\u00e4nt\u00e4<\/strong><\/p><\/li><li class=\"\" data-start=\"1647\" data-end=\"1686\"><p class=\"\" data-start=\"1649\" data-end=\"1686\"><strong data-start=\"1649\" data-end=\"1684\">Tukee seksuaalisuutta ja elinvoimaa<\/strong><\/p><\/li><li class=\"\" data-start=\"1687\" data-end=\"1741\"><p class=\"\" data-start=\"1689\" data-end=\"1741\"><strong data-start=\"1689\" data-end=\"1739\">Sis\u00e4lt\u00e4\u00e4 A-, B- ja E-vitamiineja sek\u00e4 beetakaroteenia.<\/strong><\/p><\/li><li class=\"\" data-start=\"1742\" data-end=\"1787\"><p class=\"\" data-start=\"1744\" data-end=\"1787\"><strong data-start=\"1744\" data-end=\"1785\">Lis\u00e4\u00e4 kehon kest\u00e4vyytt\u00e4 ja energiaa<\/strong><\/p><\/li><li class=\"\" data-start=\"1788\" data-end=\"1865\"><p class=\"\" data-start=\"1790\" data-end=\"1865\"><strong data-start=\"1790\" data-end=\"1813\">Monipuolinen k\u00e4ytt\u00f6<\/strong> - sopii puurolle, teelle, jogurtille tai v\u00e4lipaloille.<\/p><\/li><\/ul>\n\t\t\t\t\t<\/div>\n\t\t\t\t\t\t<\/div>\n\t\t\t\t<\/div>\n\t\t\t\t\t<\/div>\n\t\t\t\t<\/div>\n\t\t\t\t<\/div>\n\t\t","protected":false},"excerpt":{"rendered":"<p><strong>Goji &#8211; pitk\u00e4ik\u00e4isyyden salaisuus it\u00e4isest\u00e4 l\u00e4\u00e4ketieteest\u00e4<\/strong><\/p>\n<p>Goji-marjat ovat yksi maailman ravinteikkaimmista hedelmist\u00e4. Niiss\u00e4 on runsaasti 21 mineraalia, 18 aminohappoa, vitamiineja ja antioksidantteja, kuten zeaksantiinia ja beetakaroteenia. Vahvistavat vastustuskyky\u00e4, tukevat silmien terveytt\u00e4 ja lis\u00e4\u00e4v\u00e4t elinvoimaa. Ihanteellinen puuroihin, smoothieihin, jogurttiin tai vain v\u00e4lipalaksi &#8211; kourallinen p\u00e4iv\u00e4ss\u00e4 ravitsee kehoa ja mielt\u00e4.   <\/p>\n","protected":false},"featured_media":3789,"comment_status":"open","ping_status":"closed","template":"","meta":[],"product_brand":[51],"product_cat":[128,176],"product_tag":[],"class_list":{"0":"post-3786","1":"product","2":"type-product","3":"status-publish","4":"has-post-thumbnail","6":"product_brand-caudalie","7":"product_cat-alennusmyynti","8":"product_cat-superfoods-fi","10":"first","11":"instock","12":"sale","13":"taxable","14":"shipping-taxable","15":"purchasable","16":"product-type-variable"},"_links":{"self":[{"href":"http:\/\/stayyoungpuhaskoopia.bestweb.agency\/fi\/wp-json\/wp\/v2\/product\/3786","targetHints":{"allow":["GET"]}}],"collection":[{"href":"http:\/\/stayyoungpuhaskoopia.bestweb.agency\/fi\/wp-json\/wp\/v2\/product"}],"about":[{"href":"http:\/\/stayyoungpuhaskoopia.bestweb.agency\/fi\/wp-json\/wp\/v2\/types\/product"}],"replies":[{"embeddable":true,"href":"http:\/\/stayyoungpuhaskoopia.bestweb.agency\/fi\/wp-json\/wp\/v2\/comments?post=3786"}],"version-history":[{"count":1,"href":"http:\/\/stayyoungpuhaskoopia.bestweb.agency\/fi\/wp-json\/wp\/v2\/product\/3786\/revisions"}],"predecessor-version":[{"id":3790,"href":"http:\/\/stayyoungpuhaskoopia.bestweb.agency\/fi\/wp-json\/wp\/v2\/product\/3786\/revisions\/3790"}],"wp:featuredmedia":[{"embeddable":true,"href":"http:\/\/stayyoungpuhaskoopia.bestweb.agency\/fi\/wp-json\/wp\/v2\/media\/3789"}],"wp:attachment":[{"href":"http:\/\/stayyoungpuhaskoopia.bestweb.agency\/fi\/wp-json\/wp\/v2\/media?parent=3786"}],"wp:term":[{"taxonomy":"product_brand","embeddable":true,"href":"http:\/\/stayyoungpuhaskoopia.bestweb.agency\/fi\/wp-json\/wp\/v2\/product_brand?post=3786"},{"taxonomy":"product_cat","embeddable":true,"href":"http:\/\/stayyoungpuhaskoopia.bestweb.agency\/fi\/wp-json\/wp\/v2\/product_cat?post=3786"},{"taxonomy":"product_tag","embeddable":true,"href":"http:\/\/stayyoungpuhaskoopia.bestweb.agency\/fi\/wp-json\/wp\/v2\/product_tag?post=3786"}],"curies":[{"name":"wp","href":"https:\/\/api.w.org\/{rel}","templated":true}]}}