{"id":3757,"date":"2025-03-08T20:15:30","date_gmt":"2025-03-08T18:15:30","guid":{"rendered":"https:\/\/stayyoung.shop\/toode\/luomu-raaka-kaakaovoi-300g-500g\/"},"modified":"2025-06-09T13:28:55","modified_gmt":"2025-06-09T10:28:55","slug":"luomu-raaka-kaakaovoi-300g-500g","status":"publish","type":"product","link":"http:\/\/stayyoungpuhaskoopia.bestweb.agency\/fi\/tuote\/luomu-raaka-kaakaovoi-300g-500g\/","title":{"rendered":"Luomu raaka kaakaovoi 300g-500g"},"content":{"rendered":"\t\t<div data-elementor-type=\"wp-post\" data-elementor-id=\"3757\" class=\"elementor elementor-3757 elementor-1115\" data-elementor-post-type=\"product\">\n\t\t\t\t<div class=\"wd-negative-gap elementor-element elementor-element-a7f8e2e e-flex e-con-boxed e-con e-parent\" data-id=\"a7f8e2e\" data-element_type=\"container\" data-e-type=\"container\">\n\t\t\t\t\t<div class=\"e-con-inner\">\n\t\t\t\t<div class=\"elementor-element elementor-element-d170833 elementor-widget elementor-widget-wd_text_block\" data-id=\"d170833\" data-element_type=\"widget\" data-e-type=\"widget\" data-widget_type=\"wd_text_block.default\">\n\t\t\t\t<div class=\"elementor-widget-container\">\n\t\t\t\t\t\t\t<div class=\"wd-text-block reset-last-child text-left\">\n\t\t\t\n\t\t\t<h3 class=\"\" data-start=\"514\" data-end=\"567\"><strong data-start=\"521\" data-end=\"565\">Kaakaovoi - puhdasta voimaa iholle ja maulle<\/strong><\/h3><p class=\"\" data-start=\"568\" data-end=\"1184\">Kaakaovoi on ravinteikas rasva, joka saadaan kylm\u00e4puristamalla kokonaisia kaakaopapuja, jolloin luonnolliset vitamiinit, antioksidantit ja rasvahapot s\u00e4ilyv\u00e4t. Sen silkkinen koostumus ja makea tuoksu tekev\u00e4t kaakaovoista t\u00e4ydellisi\u00e4 sek\u00e4 elintarvikkeisiin ett\u00e4 kehonhoitoon. Runsaasti E-vitamiinia sis\u00e4lt\u00e4v\u00e4 kaakaovoi auttaa kosteuttamaan ihoa, lievitt\u00e4m\u00e4\u00e4n kuivuutta ja tukemaan kollageenin tuotantoa. Suojaa ja elvytt\u00e4\u00e4 ihoa, se sopii my\u00f6s raskausarpien ehk\u00e4isyyn. Antaa kermaisen koostumuksen ja on ihanteellinen ainesosa raakasuklaassa. Kaakaovoi sulaa kehonl\u00e4mm\u00f6ss\u00e4, imeytyy helposti ja j\u00e4tt\u00e4\u00e4 ihon pehme\u00e4ksi ja s\u00e4teilev\u00e4ksi.     <\/p><h3 class=\"\" data-start=\"1191\" data-end=\"1227\"><strong data-start=\"1197\" data-end=\"1227\">Kaakaovoin edut:<\/strong><\/h3><ul data-start=\"1229\" data-end=\"1960\"><li class=\"\" data-start=\"1229\" data-end=\"1283\"><p class=\"\" data-start=\"1231\" data-end=\"1283\"><strong data-start=\"1231\" data-end=\"1281\">Kylm\u00e4puristettu - s\u00e4ilytt\u00e4\u00e4 luonnolliset ravintoaineet.<\/strong><\/p><\/li><li class=\"\" data-start=\"1284\" data-end=\"1362\"><p class=\"\" data-start=\"1286\" data-end=\"1362\"><strong data-start=\"1286\" data-end=\"1334\">Runsaasti E-vitamiinia ja antioksidantteja<\/strong> - ravitsee ja suojaa ihoa.<\/p><\/li><li class=\"\" data-start=\"1363\" data-end=\"1436\"><p class=\"\" data-start=\"1365\" data-end=\"1436\"><strong data-start=\"1365\" data-end=\"1394\">Kosteuttaa ja elvytt\u00e4\u00e4 ihoa<\/strong> - ihanteellinen kuivalle ja herk\u00e4lle iholle.<\/p><\/li><li class=\"\" data-start=\"1437\" data-end=\"1514\"><p class=\"\" data-start=\"1439\" data-end=\"1514\"><strong data-start=\"1439\" data-end=\"1469\">Tukee kollageenin tuotantoa<\/strong> - auttaa v\u00e4hent\u00e4m\u00e4\u00e4n ryppyj\u00e4 ja ik\u00e4\u00e4ntymisen merkkej\u00e4.<\/p><\/li><li class=\"\" data-start=\"1515\" data-end=\"1590\"><p class=\"\" data-start=\"1517\" data-end=\"1590\"><strong data-start=\"1517\" data-end=\"1553\">Ehk\u00e4isee ja lievitt\u00e4\u00e4 raskausarpia<\/strong> - sopii k\u00e4ytett\u00e4v\u00e4ksi raskauden aikana.<\/p><\/li><li class=\"\" data-start=\"1591\" data-end=\"1652\"><p class=\"\" data-start=\"1593\" data-end=\"1652\"><strong data-start=\"1593\" data-end=\"1626\">Muodostaa iholle suojakerroksen<\/strong> - pehment\u00e4\u00e4 ja rauhoittaa.<\/p><\/li><li class=\"\" data-start=\"1653\" data-end=\"1728\"><p class=\"\" data-start=\"1655\" data-end=\"1728\"><strong data-start=\"1655\" data-end=\"1690\">Soveltuu elintarvikkeisiin ja kehonhoitoon<\/strong> - ihanteellinen ainesosa raakasuklaassa.<\/p><\/li><li class=\"\" data-start=\"1729\" data-end=\"1808\"><p class=\"\" data-start=\"1731\" data-end=\"1808\"><strong data-start=\"1731\" data-end=\"1758\">Sulaa kehonl\u00e4mm\u00f6ss\u00e4<\/strong> - imeytyy nopeasti ilman j\u00e4\u00e4mi\u00e4 tai rasvaa<\/p><\/li><li class=\"\" data-start=\"1809\" data-end=\"1869\"><p class=\"\" data-start=\"1811\" data-end=\"1869\"><strong data-start=\"1811\" data-end=\"1838\">Luonnollinen ja kemikaaliton<\/strong> - sopii my\u00f6s herk\u00e4lle iholle.<\/p><\/li><li class=\"\" data-start=\"1870\" data-end=\"1960\"><p class=\"\" data-start=\"1872\" data-end=\"1960\"><strong data-start=\"1872\" data-end=\"1895\">Monik\u00e4ytt\u00f6inen<\/strong> - sopii k\u00e4ytett\u00e4v\u00e4ksi huulirasvana, vartalovoiteena tai ravintolis\u00e4n\u00e4.<\/p><\/li><\/ul>\n\t\t\t\t\t<\/div>\n\t\t\t\t\t\t<\/div>\n\t\t\t\t<\/div>\n\t\t\t\t\t<\/div>\n\t\t\t\t<\/div>\n\t\t\t\t<\/div>\n\t\t","protected":false},"excerpt":{"rendered":"<p><strong>Luomulaatuinen raaka kaakaovoi &#8211; luonnollista hoitoa sis\u00e4lt\u00e4 ja ulkoa<\/strong><\/p>\n<p>Kaakaovoi on kylm\u00e4puristettu superfood ja kehonhoitotuote, jossa on runsaasti E-vitamiinia, antioksidantteja ja luonnollisia rasvahappoja. Se tukee ihon kimmoisuutta, syv\u00e4kosteuttaa ja sopii k\u00e4ytett\u00e4v\u00e4ksi raakasuklaassa tai iholla. Sulaa kehonl\u00e4mm\u00f6ss\u00e4 ja imeytyy helposti, jolloin iho on pehme\u00e4, notkea ja s\u00e4teilev\u00e4.  <\/p>\n","protected":false},"featured_media":3760,"comment_status":"open","ping_status":"closed","template":"","meta":[],"product_brand":[51],"product_cat":[176,129],"product_tag":[],"class_list":{"0":"post-3757","1":"product","2":"type-product","3":"status-publish","4":"has-post-thumbnail","6":"product_brand-caudalie","7":"product_cat-superfoods-fi","8":"product_cat-myyty-loppuun","10":"first","11":"outofstock","12":"sale","13":"taxable","14":"shipping-taxable","15":"purchasable","16":"product-type-variable"},"_links":{"self":[{"href":"http:\/\/stayyoungpuhaskoopia.bestweb.agency\/fi\/wp-json\/wp\/v2\/product\/3757","targetHints":{"allow":["GET"]}}],"collection":[{"href":"http:\/\/stayyoungpuhaskoopia.bestweb.agency\/fi\/wp-json\/wp\/v2\/product"}],"about":[{"href":"http:\/\/stayyoungpuhaskoopia.bestweb.agency\/fi\/wp-json\/wp\/v2\/types\/product"}],"replies":[{"embeddable":true,"href":"http:\/\/stayyoungpuhaskoopia.bestweb.agency\/fi\/wp-json\/wp\/v2\/comments?post=3757"}],"version-history":[{"count":1,"href":"http:\/\/stayyoungpuhaskoopia.bestweb.agency\/fi\/wp-json\/wp\/v2\/product\/3757\/revisions"}],"predecessor-version":[{"id":3761,"href":"http:\/\/stayyoungpuhaskoopia.bestweb.agency\/fi\/wp-json\/wp\/v2\/product\/3757\/revisions\/3761"}],"wp:featuredmedia":[{"embeddable":true,"href":"http:\/\/stayyoungpuhaskoopia.bestweb.agency\/fi\/wp-json\/wp\/v2\/media\/3760"}],"wp:attachment":[{"href":"http:\/\/stayyoungpuhaskoopia.bestweb.agency\/fi\/wp-json\/wp\/v2\/media?parent=3757"}],"wp:term":[{"taxonomy":"product_brand","embeddable":true,"href":"http:\/\/stayyoungpuhaskoopia.bestweb.agency\/fi\/wp-json\/wp\/v2\/product_brand?post=3757"},{"taxonomy":"product_cat","embeddable":true,"href":"http:\/\/stayyoungpuhaskoopia.bestweb.agency\/fi\/wp-json\/wp\/v2\/product_cat?post=3757"},{"taxonomy":"product_tag","embeddable":true,"href":"http:\/\/stayyoungpuhaskoopia.bestweb.agency\/fi\/wp-json\/wp\/v2\/product_tag?post=3757"}],"curies":[{"name":"wp","href":"https:\/\/api.w.org\/{rel}","templated":true}]}}