{"id":3746,"date":"2025-03-08T20:09:59","date_gmt":"2025-03-08T18:09:59","guid":{"rendered":"https:\/\/stayyoung.shop\/toode\/luomulaatuinen-raakakaakao-300g-500g\/"},"modified":"2025-04-20T10:02:43","modified_gmt":"2025-04-20T07:02:43","slug":"luomulaatuinen-raakakaakao-300g-500g","status":"publish","type":"product","link":"http:\/\/stayyoungpuhaskoopia.bestweb.agency\/fi\/tuote\/luomulaatuinen-raakakaakao-300g-500g\/","title":{"rendered":"Luomulaatuinen raakakaakao 300g-500g"},"content":{"rendered":"\t\t<div data-elementor-type=\"wp-post\" data-elementor-id=\"3746\" class=\"elementor elementor-3746 elementor-1110\" data-elementor-post-type=\"product\">\n\t\t\t\t<div class=\"wd-negative-gap elementor-element elementor-element-a7f8e2e e-flex e-con-boxed e-con e-parent\" data-id=\"a7f8e2e\" data-element_type=\"container\" data-e-type=\"container\">\n\t\t\t\t\t<div class=\"e-con-inner\">\n\t\t\t\t<div class=\"elementor-element elementor-element-d170833 elementor-widget elementor-widget-wd_text_block\" data-id=\"d170833\" data-element_type=\"widget\" data-e-type=\"widget\" data-widget_type=\"wd_text_block.default\">\n\t\t\t\t<div class=\"elementor-widget-container\">\n\t\t\t\t\t\t\t<div class=\"wd-text-block reset-last-child text-left\">\n\t\t\t\n\t\t\t<h3 class=\"\" data-start=\"506\" data-end=\"567\"><strong data-start=\"513\" data-end=\"565\">Murskatut kaakaopavut - luonnollista suklaata puhtaimmassa muodossaan.<\/strong><\/h3><p class=\"\" data-start=\"568\" data-end=\"1155\">Kaakaonibsit (tunnetaan my\u00f6s nimell\u00e4 cocoa nibs) saadaan murskaamalla ja kuorimalla kokonaisia kaakaopapuja. Ne ovat raakakaakaon puhtainta ja k\u00e4sittelem\u00e4t\u00f6nt\u00e4 muotoa - t\u00e4ynn\u00e4 luonnollisia antioksidantteja, magnesiumia, rautaa ja hy\u00f6dyllisi\u00e4 rasvahappoja. Kaakaonibsit sopivat erinomaisesti aamupuurojen, myslin, smoothien, jogurtin tai leivonnaisten p\u00e4\u00e4lle. Ne sopivat my\u00f6s raakasuklaan valmistukseen tai vain naposteluun. Vahva, tumman suklaan maku tyydytt\u00e4\u00e4 makeanhimosi terveellisell\u00e4 tavalla ja antaa elinvoimaa kehollesi. Lis\u00e4\u00e4 pieni annos suklaan superruokaa p\u00e4ivitt\u00e4iseen ruokavalioosi!     <\/p><h3 class=\"\" data-start=\"1162\" data-end=\"1201\"><strong data-start=\"1168\" data-end=\"1201\">Kaakaopapujen hy\u00f6dyt:<\/strong><\/h3><ul data-start=\"1203\" data-end=\"1929\"><li class=\"\" data-start=\"1203\" data-end=\"1271\"><p class=\"\" data-start=\"1205\" data-end=\"1271\"><strong data-start=\"1205\" data-end=\"1239\">K\u00e4sittelem\u00e4t\u00f6n luonnollinen superfood<\/strong> - puhdas suklaaraaka-aine.<\/p><\/li><li class=\"\" data-start=\"1272\" data-end=\"1347\"><p class=\"\" data-start=\"1274\" data-end=\"1347\"><strong data-start=\"1274\" data-end=\"1307\">Runsaasti antioksidantteja<\/strong> - suojaa soluja ja v\u00e4hent\u00e4\u00e4 tulehdusta.<\/p><\/li><li class=\"\" data-start=\"1348\" data-end=\"1424\"><p class=\"\" data-start=\"1350\" data-end=\"1424\"><strong data-start=\"1350\" data-end=\"1383\">Sis\u00e4lt\u00e4\u00e4 magnesiumia ja rautaa<\/strong> - tukee hermoston ja veren terveytt\u00e4.<\/p><\/li><li class=\"\" data-start=\"1425\" data-end=\"1495\"><p class=\"\" data-start=\"1427\" data-end=\"1495\"><strong data-start=\"1427\" data-end=\"1449\">Hyv\u00e4 energianl\u00e4hde<\/strong> - luonnollinen piriste ilman lis\u00e4tty\u00e4 sokeria.<\/p><\/li><li class=\"\" data-start=\"1496\" data-end=\"1579\"><p class=\"\" data-start=\"1498\" data-end=\"1579\"><strong data-start=\"1498\" data-end=\"1533\">Tukee mielialaa ja keskittymist\u00e4<\/strong> - sis\u00e4lt\u00e4\u00e4 fenetyyliamiinia ja teobromiinia.<\/p><\/li><li class=\"\" data-start=\"1580\" data-end=\"1651\"><p class=\"\" data-start=\"1582\" data-end=\"1651\"><strong data-start=\"1582\" data-end=\"1619\">Rapea rakenne ja voimakas maku<\/strong> - sopii moneen ruokaan.<\/p><\/li><li class=\"\" data-start=\"1652\" data-end=\"1718\"><p class=\"\" data-start=\"1654\" data-end=\"1718\"><strong data-start=\"1654\" data-end=\"1683\">Auttaa v\u00e4hent\u00e4m\u00e4\u00e4n makean himoa<\/strong> - tumma maku tyydytt\u00e4\u00e4 mielihaluja.<\/p><\/li><li class=\"\" data-start=\"1719\" data-end=\"1798\"><p class=\"\" data-start=\"1721\" data-end=\"1798\"><strong data-start=\"1721\" data-end=\"1759\">Soveltuu raakasuklaan valmistukseen<\/strong> - v\u00e4ltt\u00e4m\u00e4t\u00f6n ainesosa suklaan yst\u00e4ville.<\/p><\/li><li class=\"\" data-start=\"1799\" data-end=\"1850\"><p class=\"\" data-start=\"1801\" data-end=\"1850\"><strong data-start=\"1801\" data-end=\"1827\">Ei lis\u00e4k\u00e4sittely\u00e4<\/strong> - k\u00e4ytt\u00f6valmis - ei <strong data-start=\"1801\" data-end=\"1827\">vaadi lis\u00e4k\u00e4sittely\u00e4<\/strong>.<\/p><\/li><li class=\"\" data-start=\"1851\" data-end=\"1929\"><p class=\"\" data-start=\"1853\" data-end=\"1929\"><strong data-start=\"1853\" data-end=\"1876\">Monipuolinen k\u00e4ytt\u00f6<\/strong> - puurot, smoothiet, jogurtit, leivonnaiset, v\u00e4lipalat...<\/p><\/li><\/ul>\n\t\t\t\t\t<\/div>\n\t\t\t\t\t\t<\/div>\n\t\t\t\t<\/div>\n\t\t\t\t\t<\/div>\n\t\t\t\t<\/div>\n\t\t\t\t<\/div>\n\t\t","protected":false},"excerpt":{"rendered":"<p><strong>Murskatut kaakaopavut &#8211; puhdas ja rapea suklaapohja<\/strong><\/p>\n<p>Kaakaonibsit ovat murskattuja ja kuorittuja raakakaakaopapuja &#8211; luonnollinen rapea superfood, joka sis\u00e4lt\u00e4\u00e4 runsaasti antioksidantteja, magnesiumia ja rautayhdisteit\u00e4. Ne sopivat erinomaisesti mysliin, puuroon, jogurttiin tai raakasuklaaseen. Aito tumma maku, joka her\u00e4tt\u00e4\u00e4 aistit ja tukee kehoa!  <\/p>\n","protected":false},"featured_media":3754,"comment_status":"open","ping_status":"closed","template":"","meta":[],"product_brand":[51],"product_cat":[128,176],"product_tag":[],"class_list":{"0":"post-3746","1":"product","2":"type-product","3":"status-publish","4":"has-post-thumbnail","6":"product_brand-caudalie","7":"product_cat-alennusmyynti","8":"product_cat-superfoods-fi","10":"first","11":"instock","12":"sale","13":"taxable","14":"shipping-taxable","15":"purchasable","16":"product-type-variable"},"_links":{"self":[{"href":"http:\/\/stayyoungpuhaskoopia.bestweb.agency\/fi\/wp-json\/wp\/v2\/product\/3746","targetHints":{"allow":["GET"]}}],"collection":[{"href":"http:\/\/stayyoungpuhaskoopia.bestweb.agency\/fi\/wp-json\/wp\/v2\/product"}],"about":[{"href":"http:\/\/stayyoungpuhaskoopia.bestweb.agency\/fi\/wp-json\/wp\/v2\/types\/product"}],"replies":[{"embeddable":true,"href":"http:\/\/stayyoungpuhaskoopia.bestweb.agency\/fi\/wp-json\/wp\/v2\/comments?post=3746"}],"version-history":[{"count":1,"href":"http:\/\/stayyoungpuhaskoopia.bestweb.agency\/fi\/wp-json\/wp\/v2\/product\/3746\/revisions"}],"predecessor-version":[{"id":3756,"href":"http:\/\/stayyoungpuhaskoopia.bestweb.agency\/fi\/wp-json\/wp\/v2\/product\/3746\/revisions\/3756"}],"wp:featuredmedia":[{"embeddable":true,"href":"http:\/\/stayyoungpuhaskoopia.bestweb.agency\/fi\/wp-json\/wp\/v2\/media\/3754"}],"wp:attachment":[{"href":"http:\/\/stayyoungpuhaskoopia.bestweb.agency\/fi\/wp-json\/wp\/v2\/media?parent=3746"}],"wp:term":[{"taxonomy":"product_brand","embeddable":true,"href":"http:\/\/stayyoungpuhaskoopia.bestweb.agency\/fi\/wp-json\/wp\/v2\/product_brand?post=3746"},{"taxonomy":"product_cat","embeddable":true,"href":"http:\/\/stayyoungpuhaskoopia.bestweb.agency\/fi\/wp-json\/wp\/v2\/product_cat?post=3746"},{"taxonomy":"product_tag","embeddable":true,"href":"http:\/\/stayyoungpuhaskoopia.bestweb.agency\/fi\/wp-json\/wp\/v2\/product_tag?post=3746"}],"curies":[{"name":"wp","href":"https:\/\/api.w.org\/{rel}","templated":true}]}}