{"id":3716,"date":"2025-03-08T20:03:49","date_gmt":"2025-03-08T18:03:49","guid":{"rendered":"https:\/\/stayyoung.shop\/toode\/luonnonmukainen-raakakaakao-300g-500g\/"},"modified":"2025-06-09T13:29:31","modified_gmt":"2025-06-09T10:29:31","slug":"luonnonmukainen-raakakaakao-300g-500g","status":"publish","type":"product","link":"http:\/\/stayyoungpuhaskoopia.bestweb.agency\/fi\/tuote\/luonnonmukainen-raakakaakao-300g-500g\/","title":{"rendered":"Luonnonmukainen raakakaakao 300g-500g"},"content":{"rendered":"\t\t<div data-elementor-type=\"wp-post\" data-elementor-id=\"3716\" class=\"elementor elementor-3716 elementor-1103\" data-elementor-post-type=\"product\">\n\t\t\t\t<div class=\"wd-negative-gap elementor-element elementor-element-a7f8e2e e-flex e-con-boxed e-con e-parent\" data-id=\"a7f8e2e\" data-element_type=\"container\" data-e-type=\"container\">\n\t\t\t\t\t<div class=\"e-con-inner\">\n\t\t\t\t<div class=\"elementor-element elementor-element-d170833 elementor-widget elementor-widget-wd_text_block\" data-id=\"d170833\" data-element_type=\"widget\" data-e-type=\"widget\" data-widget_type=\"wd_text_block.default\">\n\t\t\t\t<div class=\"elementor-widget-container\">\n\t\t\t\t\t\t\t<div class=\"wd-text-block reset-last-child text-left\">\n\t\t\t\n\t\t\t<h3 class=\"\" data-start=\"510\" data-end=\"579\"><strong data-start=\"517\" data-end=\"577\">Luonnonmukaiset raakakaakaopavut - puhdasta energiaa ja iloa suoraan kaakaopuun syd\u00e4mest\u00e4.<\/strong><\/h3><p class=\"\" data-start=\"580\" data-end=\"1209\">Raakakaakao saadaan Theobroma-kaakaopuun hedelm\u00e4n sis\u00e4ll\u00e4 olevista mantelin kokoisista kaakaopavuista. Se on yksi maailman ravinteikkaimmista superfoodeista, joka sis\u00e4lt\u00e4\u00e4 yli 1200 aktiivista yhdistett\u00e4. Kaakao on kaikista elintarvikkeista antioksidanttirikkain, ja siin\u00e4 on enn\u00e4tykselliset m\u00e4\u00e4r\u00e4t magnesiumia, rautaa, sinkki\u00e4, rikki\u00e4 ja kuparia. Kaakao parantaa mielialaa tryptofaanin, serotoniinin ja anandamidin kaltaisten luonnollisten yhdisteiden ansiosta. Auttaa tasapainottamaan mielialaa, tukee aivoja, syd\u00e4nt\u00e4 ja verenkiertoa. Sopii smoothieihin, raakasuklaaseen, makeisiin ja leivonnaisiin - luonnollinen suklaa piristysruiske jokaiseen p\u00e4iv\u00e4\u00e4n.     <\/p><h3 class=\"\" data-start=\"510\" data-end=\"579\"><strong data-start=\"517\" data-end=\"577\">Kaakaopavut<\/strong><strong data-start=\"1222\" data-end=\"1253\"> hy\u00f6dyt:<\/strong><\/h3><ul data-start=\"1255\" data-end=\"2012\"><li class=\"\" data-start=\"1255\" data-end=\"1343\"><p class=\"\" data-start=\"1257\" data-end=\"1343\"><strong data-start=\"1257\" data-end=\"1301\">Maailman tehokkain antioksidanttien l\u00e4hde<\/strong> - suojaa soluja ja hidastaa ik\u00e4\u00e4ntymist\u00e4.<\/p><\/li><li class=\"\" data-start=\"1344\" data-end=\"1411\"><p class=\"\" data-start=\"1346\" data-end=\"1411\"><strong data-start=\"1346\" data-end=\"1383\">Sis\u00e4lt\u00e4\u00e4 yli 1200 aktiivista yhdistett\u00e4<\/strong> - todellinen ravintotiheys.<\/p><\/li><li class=\"\" data-start=\"1412\" data-end=\"1487\"><p class=\"\" data-start=\"1414\" data-end=\"1487\"><strong data-start=\"1414\" data-end=\"1454\">Runsaasti magnesiumia ja rautaa<\/strong> - tukee lihaksia, aivoja ja verta.<\/p><\/li><li class=\"\" data-start=\"1488\" data-end=\"1586\"><p class=\"\" data-start=\"1490\" data-end=\"1586\"><strong data-start=\"1490\" data-end=\"1535\">Sis\u00e4lt\u00e4\u00e4 sinkki\u00e4, rikki\u00e4, kuparia ja kromia<\/strong>, jotka ovat v\u00e4ltt\u00e4m\u00e4tt\u00f6mi\u00e4 iholle, vastustuskyvylle ja aineenvaihdunnalle.<\/p><\/li><li class=\"\" data-start=\"1587\" data-end=\"1691\"><p class=\"\" data-start=\"1589\" data-end=\"1691\"><strong data-start=\"1589\" data-end=\"1620\">Vaikuttaa mielialaan ja aivotoimintaan<\/strong> - sis\u00e4lt\u00e4\u00e4 tryptofaania, serotoniinia, dopamiinia, PEA:ta ja anandamidia.<\/p><\/li><li class=\"\" data-start=\"1692\" data-end=\"1753\"><p class=\"\" data-start=\"1694\" data-end=\"1753\"><strong data-start=\"1694\" data-end=\"1728\">Lis\u00e4\u00e4 hyvinvointia ja luovuutta<\/strong> - luonnollinen \"onnettomuusruoka\".<\/p><\/li><li class=\"\" data-start=\"1754\" data-end=\"1803\"><p class=\"\" data-start=\"1756\" data-end=\"1803\"><strong data-start=\"1756\" data-end=\"1782\">Hyv\u00e4 kuidun l\u00e4hde<\/strong> - tukee ruoansulatusta.<\/p><\/li><li class=\"\" data-start=\"1804\" data-end=\"1868\"><p class=\"\" data-start=\"1806\" data-end=\"1868\"><strong data-start=\"1806\" data-end=\"1866\">Soveltuu raakasuklaan, smoothien, leivonnaisten ja kakkujen valmistukseen.<\/strong><\/p><\/li><li class=\"\" data-start=\"1869\" data-end=\"1938\"><p class=\"\" data-start=\"1871\" data-end=\"1938\"><strong data-start=\"1871\" data-end=\"1897\">Kasvisruokaa ja gluteenitonta<\/strong> - t\u00e4ydellinen terveellinen valinta koko perheelle.<\/p><\/li><li class=\"\" data-start=\"1939\" data-end=\"2012\"><p class=\"\" data-start=\"1941\" data-end=\"2012\"><strong data-start=\"1941\" data-end=\"1969\">Luonnollinen energianl\u00e4hde<\/strong> - ilman lis\u00e4tty\u00e4 sokeria tai piristeit\u00e4.<\/p><\/li><\/ul>\n\t\t\t\t\t<\/div>\n\t\t\t\t\t\t<\/div>\n\t\t\t\t<\/div>\n\t\t\t\t\t<\/div>\n\t\t\t\t<\/div>\n\t\t\t\t<\/div>\n\t\t","protected":false},"excerpt":{"rendered":"<p><strong>Luonnonmukaiset raakakaakaopavut &#8211; maailman tehokkain luonnollinen superruoka.<\/strong><\/p>\n<p>Raakakaakao on ravinteikas superfood, joka sis\u00e4lt\u00e4\u00e4 yli 1200 aktiivista yhdistett\u00e4, mukaan lukien runsaasti antioksidantteja, magnesiumia, rautaa ja hermov\u00e4litt\u00e4j\u00e4aineita. Se kohottaa mielialaa, tukee aivoja ja syd\u00e4nt\u00e4. T\u00e4ydellinen lis\u00e4 smoothieihin, raakasuklaaseen tai leivonnaisiin &#8211; luonnollinen ilon ja elinvoiman l\u00e4hde!  <\/p>\n","protected":false},"featured_media":3719,"comment_status":"open","ping_status":"closed","template":"","meta":[],"product_brand":[51],"product_cat":[176,129],"product_tag":[],"class_list":{"0":"post-3716","1":"product","2":"type-product","3":"status-publish","4":"has-post-thumbnail","6":"product_brand-caudalie","7":"product_cat-superfoods-fi","8":"product_cat-myyty-loppuun","10":"first","11":"outofstock","12":"taxable","13":"shipping-taxable","14":"purchasable","15":"product-type-variable"},"_links":{"self":[{"href":"http:\/\/stayyoungpuhaskoopia.bestweb.agency\/fi\/wp-json\/wp\/v2\/product\/3716","targetHints":{"allow":["GET"]}}],"collection":[{"href":"http:\/\/stayyoungpuhaskoopia.bestweb.agency\/fi\/wp-json\/wp\/v2\/product"}],"about":[{"href":"http:\/\/stayyoungpuhaskoopia.bestweb.agency\/fi\/wp-json\/wp\/v2\/types\/product"}],"replies":[{"embeddable":true,"href":"http:\/\/stayyoungpuhaskoopia.bestweb.agency\/fi\/wp-json\/wp\/v2\/comments?post=3716"}],"version-history":[{"count":1,"href":"http:\/\/stayyoungpuhaskoopia.bestweb.agency\/fi\/wp-json\/wp\/v2\/product\/3716\/revisions"}],"predecessor-version":[{"id":3720,"href":"http:\/\/stayyoungpuhaskoopia.bestweb.agency\/fi\/wp-json\/wp\/v2\/product\/3716\/revisions\/3720"}],"wp:featuredmedia":[{"embeddable":true,"href":"http:\/\/stayyoungpuhaskoopia.bestweb.agency\/fi\/wp-json\/wp\/v2\/media\/3719"}],"wp:attachment":[{"href":"http:\/\/stayyoungpuhaskoopia.bestweb.agency\/fi\/wp-json\/wp\/v2\/media?parent=3716"}],"wp:term":[{"taxonomy":"product_brand","embeddable":true,"href":"http:\/\/stayyoungpuhaskoopia.bestweb.agency\/fi\/wp-json\/wp\/v2\/product_brand?post=3716"},{"taxonomy":"product_cat","embeddable":true,"href":"http:\/\/stayyoungpuhaskoopia.bestweb.agency\/fi\/wp-json\/wp\/v2\/product_cat?post=3716"},{"taxonomy":"product_tag","embeddable":true,"href":"http:\/\/stayyoungpuhaskoopia.bestweb.agency\/fi\/wp-json\/wp\/v2\/product_tag?post=3716"}],"curies":[{"name":"wp","href":"https:\/\/api.w.org\/{rel}","templated":true}]}}